{"id":1924,"date":"2024-11-21T10:31:17","date_gmt":"2024-11-21T10:31:17","guid":{"rendered":"https:\/\/ativamoveis.com.br\/?page_id=1924"},"modified":"2026-01-26T16:25:01","modified_gmt":"2026-01-26T16:25:01","slug":"produtos","status":"publish","type":"page","link":"https:\/\/ativamoveis.com.br\/Spanish\/produtos\/","title":{"rendered":"Produtos"},"content":{"rendered":"\t\t<div data-elementor-type=\"wp-page\" data-elementor-id=\"1924\" class=\"elementor elementor-1924\">\n\t\t\t\t<div class=\"elementor-element elementor-element-e51de10 e-flex e-con-boxed jltma-glass-effect-no e-con e-parent\" data-id=\"e51de10\" data-element_type=\"container\">\n\t\t\t\t\t<div class=\"e-con-inner\">\n\t\t\t\t<div class=\"elementor-element elementor-element-0b5f3ce jltma-glass-effect-no elementor-widget elementor-widget-spacer\" data-id=\"0b5f3ce\" data-element_type=\"widget\" data-widget_type=\"spacer.default\">\n\t\t\t\t<div class=\"elementor-widget-container\">\n\t\t\t\t\t\t\t<div class=\"elementor-spacer\">\n\t\t\t<div class=\"elementor-spacer-inner\"><\/div>\n\t\t<\/div>\n\t\t\t\t\t\t<\/div>\n\t\t\t\t<\/div>\n\t\t\t\t\t<\/div>\n\t\t\t\t<\/div>\n\t\t<div class=\"elementor-element elementor-element-e3cfb51 e-flex e-con-boxed jltma-glass-effect-no e-con e-parent\" data-id=\"e3cfb51\" data-element_type=\"container\" data-settings=\"{&quot;background_background&quot;:&quot;classic&quot;}\">\n\t\t\t\t\t<div class=\"e-con-inner\">\n\t\t<div class=\"elementor-element elementor-element-d6ec1de e-con-full e-flex jltma-glass-effect-no e-con e-child\" data-id=\"d6ec1de\" data-element_type=\"container\">\n\t\t\t\t<div class=\"elementor-element elementor-element-23643c2 jltma-glass-effect-no elementor-widget elementor-widget-text-editor\" data-id=\"23643c2\" data-element_type=\"widget\" data-widget_type=\"text-editor.default\">\n\t\t\t\t<div class=\"elementor-widget-container\">\n\t\t\t\t\t\t\t\t\tProdutos \t\t\t\t\t\t\t\t<\/div>\n\t\t\t\t<\/div>\n\t\t\t\t<\/div>\n\t\t\t\t<div class=\"elementor-element elementor-element-8770db0 jltma-glass-effect-no elementor-widget elementor-widget-text-editor\" data-id=\"8770db0\" data-element_type=\"widget\" data-widget_type=\"text-editor.default\">\n\t\t\t\t<div class=\"elementor-widget-container\">\n\t\t\t\t\t\t\t\t\t<p>Nossos m\u00f3veis s\u00e3o produzidos com materiais de alta qualidade, sempre combinando funcionalidade e design. Oferecemos uma linha completa para atender \u00e0s necessidades de diversos ambientes, garantindo durabilidade e estilo para a sua casa ou empresa. Explore nossa variedade e descubra solu\u00e7\u00f5es inovadoras para o seu espa\u00e7o!<\/p><p>Clique abaixo e fa\u00e7a o download dos nossos cat\u00e1logos.<\/p>\t\t\t\t\t\t\t\t<\/div>\n\t\t\t\t<\/div>\n\t\t\t\t\t<\/div>\n\t\t\t\t<\/div>\n\t\t<div class=\"elementor-element elementor-element-37a3eb3 e-flex e-con-boxed jltma-glass-effect-no e-con e-parent\" data-id=\"37a3eb3\" data-element_type=\"container\" data-settings=\"{&quot;background_background&quot;:&quot;classic&quot;}\">\n\t\t\t\t\t<div class=\"e-con-inner\">\n\t\t<div class=\"elementor-element elementor-element-b23c737 e-con-full e-flex jltma-glass-effect-no e-con e-child\" data-id=\"b23c737\" data-element_type=\"container\">\n\t\t\t\t<div class=\"elementor-element elementor-element-18c5c0f jltma-glass-effect-no elementor-widget elementor-widget-image\" data-id=\"18c5c0f\" data-element_type=\"widget\" data-widget_type=\"image.default\">\n\t\t\t\t<div class=\"elementor-widget-container\">\n\t\t\t\t\t\t\t\t\t\t\t\t\t\t\t\t<a href=\"https:\/\/ativamoveis.com.br\/Spanish\/wp-content\/uploads\/2026\/01\/CatalogoAtiva2026Digital.pdf\" target=\"_blank\">\n\t\t\t\t\t\t\t<img fetchpriority=\"high\" decoding=\"async\" width=\"1024\" height=\"693\" src=\"https:\/\/ativamoveis.com.br\/Spanish\/wp-content\/uploads\/2026\/01\/Captura-de-Tela-2026-01-26-as-12.45.42-1024x693.png\" class=\"attachment-large size-large wp-image-8060\" alt=\"\" srcset=\"https:\/\/ativamoveis.com.br\/Spanish\/wp-content\/uploads\/2026\/01\/Captura-de-Tela-2026-01-26-as-12.45.42-1024x693.png 1024w, https:\/\/ativamoveis.com.br\/Spanish\/wp-content\/uploads\/2026\/01\/Captura-de-Tela-2026-01-26-as-12.45.42-300x203.png 300w, https:\/\/ativamoveis.com.br\/Spanish\/wp-content\/uploads\/2026\/01\/Captura-de-Tela-2026-01-26-as-12.45.42-768x520.png 768w, https:\/\/ativamoveis.com.br\/Spanish\/wp-content\/uploads\/2026\/01\/Captura-de-Tela-2026-01-26-as-12.45.42-1536x1040.png 1536w, https:\/\/ativamoveis.com.br\/Spanish\/wp-content\/uploads\/2026\/01\/Captura-de-Tela-2026-01-26-as-12.45.42-2048x1387.png 2048w, https:\/\/ativamoveis.com.br\/Spanish\/wp-content\/uploads\/2026\/01\/Captura-de-Tela-2026-01-26-as-12.45.42-600x406.png 600w\" sizes=\"(max-width: 1024px) 100vw, 1024px\" \/>\t\t\t\t\t\t\t\t<\/a>\n\t\t\t\t\t\t\t\t\t\t\t\t\t\t\t<\/div>\n\t\t\t\t<\/div>\n\t\t\t\t<div class=\"elementor-element elementor-element-63d66d5 elementor-align-center jltma-glass-effect-no elementor-widget elementor-widget-button\" data-id=\"63d66d5\" data-element_type=\"widget\" data-widget_type=\"button.default\">\n\t\t\t\t<div class=\"elementor-widget-container\">\n\t\t\t\t\t\t\t\t\t<div class=\"elementor-button-wrapper\">\n\t\t\t\t\t<a class=\"elementor-button elementor-button-link elementor-size-sm\" href=\"https:\/\/ativamoveis.com.br\/Spanish\/wp-content\/uploads\/2026\/01\/CatalogoAtiva2026Digital.pdf\" target=\"_blank\">\n\t\t\t\t\t\t<span class=\"elementor-button-content-wrapper\">\n\t\t\t\t\t\t\t\t\t<span class=\"elementor-button-text\">Clique aqui para fazer o download<\/span>\n\t\t\t\t\t<\/span>\n\t\t\t\t\t<\/a>\n\t\t\t\t<\/div>\n\t\t\t\t\t\t\t\t<\/div>\n\t\t\t\t<\/div>\n\t\t\t\t<\/div>\n\t\t\t\t\t<\/div>\n\t\t\t\t<\/div>\n\t\t<div class=\"elementor-element elementor-element-76ed911 e-flex e-con-boxed jltma-glass-effect-no e-con e-parent\" data-id=\"76ed911\" data-element_type=\"container\" data-settings=\"{&quot;background_background&quot;:&quot;classic&quot;}\">\n\t\t\t\t\t<div class=\"e-con-inner\">\n\t\t\t\t<div class=\"elementor-element elementor-element-6a306ce jltma-glass-effect-no elementor-widget elementor-widget-button\" data-id=\"6a306ce\" data-element_type=\"widget\" data-widget_type=\"button.default\">\n\t\t\t\t<div class=\"elementor-widget-container\">\n\t\t\t\t\t\t\t\t\t<div class=\"elementor-button-wrapper\">\n\t\t\t\t\t<a class=\"elementor-button elementor-button-link elementor-size-sm\" href=\"https:\/\/ativamoveis.com.br\/Spanish\/\">\n\t\t\t\t\t\t<span class=\"elementor-button-content-wrapper\">\n\t\t\t\t\t\t\t\t\t<span class=\"elementor-button-text\">Voltar<\/span>\n\t\t\t\t\t<\/span>\n\t\t\t\t\t<\/a>\n\t\t\t\t<\/div>\n\t\t\t\t\t\t\t\t<\/div>\n\t\t\t\t<\/div>\n\t\t\t\t\t<\/div>\n\t\t\t\t<\/div>\n\t\t<div class=\"elementor-element elementor-element-c6b1776 e-flex e-con-boxed jltma-glass-effect-no e-con e-parent\" data-id=\"c6b1776\" data-element_type=\"container\" data-settings=\"{&quot;background_background&quot;:&quot;gradient&quot;}\">\n\t\t\t\t\t<div class=\"e-con-inner\">\n\t\t<div class=\"elementor-element elementor-element-948fef9 e-con-full e-transform e-flex jltma-glass-effect-no e-con e-child\" data-id=\"948fef9\" data-element_type=\"container\" data-settings=\"{&quot;_transform_translateX_effect&quot;:{&quot;unit&quot;:&quot;px&quot;,&quot;size&quot;:0,&quot;sizes&quot;:[]},&quot;_transform_translateX_effect_tablet&quot;:{&quot;unit&quot;:&quot;px&quot;,&quot;size&quot;:&quot;&quot;,&quot;sizes&quot;:[]},&quot;_transform_translateX_effect_mobile&quot;:{&quot;unit&quot;:&quot;px&quot;,&quot;size&quot;:&quot;&quot;,&quot;sizes&quot;:[]},&quot;_transform_translateY_effect&quot;:{&quot;unit&quot;:&quot;px&quot;,&quot;size&quot;:&quot;&quot;,&quot;sizes&quot;:[]},&quot;_transform_translateY_effect_tablet&quot;:{&quot;unit&quot;:&quot;px&quot;,&quot;size&quot;:&quot;&quot;,&quot;sizes&quot;:[]},&quot;_transform_translateY_effect_mobile&quot;:{&quot;unit&quot;:&quot;px&quot;,&quot;size&quot;:&quot;&quot;,&quot;sizes&quot;:[]}}\">\n\t\t\t\t<div class=\"elementor-element elementor-element-f2e1c54 jltma-glass-effect-no elementor-widget elementor-widget-image\" data-id=\"f2e1c54\" data-element_type=\"widget\" data-widget_type=\"image.default\">\n\t\t\t\t<div class=\"elementor-widget-container\">\n\t\t\t\t\t\t\t\t\t\t\t\t\t\t\t<img decoding=\"async\" width=\"802\" height=\"889\" src=\"https:\/\/ativamoveis.com.br\/Spanish\/wp-content\/uploads\/2024\/11\/foto1.png\" class=\"attachment-full size-full wp-image-1511\" alt=\"\" srcset=\"https:\/\/ativamoveis.com.br\/Spanish\/wp-content\/uploads\/2024\/11\/foto1.png 802w, https:\/\/ativamoveis.com.br\/Spanish\/wp-content\/uploads\/2024\/11\/foto1-271x300.png 271w, https:\/\/ativamoveis.com.br\/Spanish\/wp-content\/uploads\/2024\/11\/foto1-768x851.png 768w, https:\/\/ativamoveis.com.br\/Spanish\/wp-content\/uploads\/2024\/11\/foto1-600x665.png 600w\" sizes=\"(max-width: 802px) 100vw, 802px\" \/>\t\t\t\t\t\t\t\t\t\t\t\t\t\t\t<\/div>\n\t\t\t\t<\/div>\n\t\t\t\t<\/div>\n\t\t<div class=\"elementor-element elementor-element-e39a9d0 e-con-full e-transform e-flex jltma-glass-effect-no e-con e-child\" data-id=\"e39a9d0\" data-element_type=\"container\" data-settings=\"{&quot;_transform_translateX_effect&quot;:{&quot;unit&quot;:&quot;px&quot;,&quot;size&quot;:0,&quot;sizes&quot;:[]},&quot;_transform_translateX_effect_tablet&quot;:{&quot;unit&quot;:&quot;px&quot;,&quot;size&quot;:&quot;&quot;,&quot;sizes&quot;:[]},&quot;_transform_translateX_effect_mobile&quot;:{&quot;unit&quot;:&quot;px&quot;,&quot;size&quot;:&quot;&quot;,&quot;sizes&quot;:[]},&quot;_transform_translateY_effect&quot;:{&quot;unit&quot;:&quot;px&quot;,&quot;size&quot;:&quot;&quot;,&quot;sizes&quot;:[]},&quot;_transform_translateY_effect_tablet&quot;:{&quot;unit&quot;:&quot;px&quot;,&quot;size&quot;:&quot;&quot;,&quot;sizes&quot;:[]},&quot;_transform_translateY_effect_mobile&quot;:{&quot;unit&quot;:&quot;px&quot;,&quot;size&quot;:&quot;&quot;,&quot;sizes&quot;:[]}}\">\n\t\t\t\t<div class=\"elementor-element elementor-element-6900c0f jltma-glass-effect-no elementor-widget elementor-widget-text-editor\" data-id=\"6900c0f\" data-element_type=\"widget\" data-widget_type=\"text-editor.default\">\n\t\t\t\t<div class=\"elementor-widget-container\">\n\t\t\t\t\t\t\t\t\tSeja um<br>\nRepresentante\t\t\t\t\t\t\t\t<\/div>\n\t\t\t\t<\/div>\n\t\t\t\t<div class=\"elementor-element elementor-element-2905ff4 jltma-glass-effect-no elementor-widget elementor-widget-text-editor\" data-id=\"2905ff4\" data-element_type=\"widget\" data-widget_type=\"text-editor.default\">\n\t\t\t\t<div class=\"elementor-widget-container\">\n\t\t\t\t\t\t\t\t\t<p>Representar nossos produtos \u00e9 levar qualidade e confian\u00e7a a cada cliente. Junte-se \u00e0 nossa equipe e fa\u00e7a parte de uma rede de sucesso!<\/p>\t\t\t\t\t\t\t\t<\/div>\n\t\t\t\t<\/div>\n\t\t\t\t<div class=\"elementor-element elementor-element-617df84 jltma-glass-effect-no elementor-widget elementor-widget-button\" data-id=\"617df84\" data-element_type=\"widget\" data-widget_type=\"button.default\">\n\t\t\t\t<div class=\"elementor-widget-container\">\n\t\t\t\t\t\t\t\t\t<div class=\"elementor-button-wrapper\">\n\t\t\t\t\t<a class=\"elementor-button elementor-button-link elementor-size-sm\" href=\"https:\/\/ativamoveis.com.br\/Spanish\/contato\/\">\n\t\t\t\t\t\t<span class=\"elementor-button-content-wrapper\">\n\t\t\t\t\t\t\t\t\t<span class=\"elementor-button-text\">Fale Conosco<\/span>\n\t\t\t\t\t<\/span>\n\t\t\t\t\t<\/a>\n\t\t\t\t<\/div>\n\t\t\t\t\t\t\t\t<\/div>\n\t\t\t\t<\/div>\n\t\t\t\t<\/div>\n\t\t\t\t\t<\/div>\n\t\t\t\t<\/div>\n\t\t\t\t<\/div>\n\t\t","protected":false},"excerpt":{"rendered":"<p>Produtos Nossos m\u00f3veis s\u00e3o produzidos com materiais de alta qualidade, sempre combinando funcionalidade e design. Oferecemos uma linha completa para atender \u00e0s necessidades de diversos ambientes, garantindo durabilidade e estilo para a sua casa ou empresa. Explore nossa variedade e descubra solu\u00e7\u00f5es inovadoras para o seu espa\u00e7o! Clique abaixo e fa\u00e7a o download dos nossos [&hellip;]<\/p>\n","protected":false},"author":1,"featured_media":0,"parent":0,"menu_order":0,"comment_status":"closed","ping_status":"closed","template":"elementor_header_footer","meta":{"_joinchat":[],"footnotes":""},"class_list":["post-1924","page","type-page","status-publish","hentry"],"_links":{"self":[{"href":"https:\/\/ativamoveis.com.br\/Spanish\/wp-json\/wp\/v2\/pages\/1924","targetHints":{"allow":["GET"]}}],"collection":[{"href":"https:\/\/ativamoveis.com.br\/Spanish\/wp-json\/wp\/v2\/pages"}],"about":[{"href":"https:\/\/ativamoveis.com.br\/Spanish\/wp-json\/wp\/v2\/types\/page"}],"author":[{"embeddable":true,"href":"https:\/\/ativamoveis.com.br\/Spanish\/wp-json\/wp\/v2\/users\/1"}],"replies":[{"embeddable":true,"href":"https:\/\/ativamoveis.com.br\/Spanish\/wp-json\/wp\/v2\/comments?post=1924"}],"version-history":[{"count":20,"href":"https:\/\/ativamoveis.com.br\/Spanish\/wp-json\/wp\/v2\/pages\/1924\/revisions"}],"predecessor-version":[{"id":8069,"href":"https:\/\/ativamoveis.com.br\/Spanish\/wp-json\/wp\/v2\/pages\/1924\/revisions\/8069"}],"wp:attachment":[{"href":"https:\/\/ativamoveis.com.br\/Spanish\/wp-json\/wp\/v2\/media?parent=1924"}],"curies":[{"name":"wp","href":"https:\/\/api.w.org\/{rel}","templated":true}]}}