{"id":3584,"date":"2025-03-20T23:22:36","date_gmt":"2025-03-20T23:22:36","guid":{"rendered":"https:\/\/ativamoveis.com.br\/?page_id=3584"},"modified":"2026-05-13T00:21:09","modified_gmt":"2026-05-13T00:21:09","slug":"rackcountryclean","status":"publish","type":"page","link":"https:\/\/ativamoveis.com.br\/Spanish\/rackcountryclean\/","title":{"rendered":"Rack milao Clean"},"content":{"rendered":"\t\t<div data-elementor-type=\"wp-page\" data-elementor-id=\"3584\" class=\"elementor elementor-3584\">\n\t\t\t\t<div class=\"elementor-element elementor-element-e51de10 e-flex e-con-boxed jltma-glass-effect-no e-con e-parent\" data-id=\"e51de10\" data-element_type=\"container\">\n\t\t\t\t\t<div class=\"e-con-inner\">\n\t\t\t\t<div class=\"elementor-element elementor-element-0b5f3ce jltma-glass-effect-no elementor-widget elementor-widget-spacer\" data-id=\"0b5f3ce\" data-element_type=\"widget\" data-widget_type=\"spacer.default\">\n\t\t\t\t<div class=\"elementor-widget-container\">\n\t\t\t\t\t\t\t<div class=\"elementor-spacer\">\n\t\t\t<div class=\"elementor-spacer-inner\"><\/div>\n\t\t<\/div>\n\t\t\t\t\t\t<\/div>\n\t\t\t\t<\/div>\n\t\t\t\t\t<\/div>\n\t\t\t\t<\/div>\n\t\t<div class=\"elementor-element elementor-element-bf3291e e-flex e-con-boxed jltma-glass-effect-no e-con e-parent\" data-id=\"bf3291e\" data-element_type=\"container\">\n\t\t\t\t\t<div class=\"e-con-inner\">\n\t\t\t\t<div class=\"elementor-element elementor-element-d22848a jltma-glass-effect-no elementor-widget elementor-widget-spacer\" data-id=\"d22848a\" data-element_type=\"widget\" data-widget_type=\"spacer.default\">\n\t\t\t\t<div class=\"elementor-widget-container\">\n\t\t\t\t\t\t\t<div class=\"elementor-spacer\">\n\t\t\t<div class=\"elementor-spacer-inner\"><\/div>\n\t\t<\/div>\n\t\t\t\t\t\t<\/div>\n\t\t\t\t<\/div>\n\t\t\t\t\t<\/div>\n\t\t\t\t<\/div>\n\t\t<div class=\"elementor-element elementor-element-65f47d7 e-flex e-con-boxed jltma-glass-effect-no e-con e-parent\" data-id=\"65f47d7\" data-element_type=\"container\" data-settings=\"{&quot;background_background&quot;:&quot;classic&quot;}\">\n\t\t\t\t\t<div class=\"e-con-inner\">\n\t\t<div class=\"elementor-element elementor-element-ea34d17 e-con-full e-flex jltma-glass-effect-no e-con e-child\" data-id=\"ea34d17\" data-element_type=\"container\">\n\t\t\t\t<div class=\"elementor-element elementor-element-81f1fbf jltma-glass-effect-no elementor-widget elementor-widget-text-editor\" data-id=\"81f1fbf\" data-element_type=\"widget\" data-widget_type=\"text-editor.default\">\n\t\t\t\t<div class=\"elementor-widget-container\">\n\t\t\t\t\t\t\t\t\t<p>Racks y Paneles para TV<\/p>\t\t\t\t\t\t\t\t<\/div>\n\t\t\t\t<\/div>\n\t\t\t\t<\/div>\n\t\t\t\t\t<\/div>\n\t\t\t\t<\/div>\n\t\t<div class=\"elementor-element elementor-element-e3cfb51 e-flex e-con-boxed jltma-glass-effect-no e-con e-parent\" data-id=\"e3cfb51\" data-element_type=\"container\" data-settings=\"{&quot;background_background&quot;:&quot;classic&quot;}\">\n\t\t\t\t\t<div class=\"e-con-inner\">\n\t\t<div class=\"elementor-element elementor-element-d6ec1de e-con-full e-flex jltma-glass-effect-no e-con e-child\" data-id=\"d6ec1de\" data-element_type=\"container\">\n\t\t\t\t<div class=\"elementor-element elementor-element-23643c2 jltma-glass-effect-no elementor-widget elementor-widget-text-editor\" data-id=\"23643c2\" data-element_type=\"widget\" data-widget_type=\"text-editor.default\">\n\t\t\t\t<div class=\"elementor-widget-container\">\n\t\t\t\t\t\t\t\t\t<p>Rack Mil\u00e3o Clean<\/p>\t\t\t\t\t\t\t\t<\/div>\n\t\t\t\t<\/div>\n\t\t\t\t<\/div>\n\t\t\t\t\t<\/div>\n\t\t\t\t<\/div>\n\t\t<div class=\"elementor-element elementor-element-4b8e295 e-flex e-con-boxed jltma-glass-effect-no e-con e-parent\" data-id=\"4b8e295\" data-element_type=\"container\" data-settings=\"{&quot;background_background&quot;:&quot;classic&quot;}\">\n\t\t\t\t\t<div class=\"e-con-inner\">\n\t\t\t\t<div class=\"elementor-element elementor-element-c33c75d jltma-navigation-type-arrows jltma-carousel-style-carousel jltma-glass-effect-no elementor-widget elementor-widget-ma-image-carousel\" data-id=\"c33c75d\" data-element_type=\"widget\" data-settings=\"{&quot;item_gap&quot;:{&quot;unit&quot;:&quot;px&quot;,&quot;size&quot;:20,&quot;sizes&quot;:[]},&quot;enable_lightbox&quot;:&quot;yes&quot;,&quot;autoheight&quot;:&quot;yes&quot;,&quot;item_gap_tablet&quot;:{&quot;unit&quot;:&quot;px&quot;,&quot;size&quot;:35,&quot;sizes&quot;:[]},&quot;item_gap_mobile&quot;:{&quot;unit&quot;:&quot;px&quot;,&quot;size&quot;:20,&quot;sizes&quot;:[]}}\" data-widget_type=\"ma-image-carousel.default\">\n\t\t\t\t<div class=\"elementor-widget-container\">\n\t\t\t\t\t\t\t<div id=\"jltma-image-carousel-c33c75d\" class=\"jltma-arrows-align-center jltma-image-carousel-slider\" data-settings=\"{&quot;autoplay&quot;:{&quot;delay&quot;:5000},&quot;loop&quot;:true,&quot;speed&quot;:500,&quot;slidesPerView&quot;:1,&quot;slidesPerGroup&quot;:1,&quot;spaceBetween&quot;:20,&quot;centeredSlides&quot;:true,&quot;freeMode&quot;:true,&quot;effect&quot;:&quot;carousel&quot;,&quot;breakpoints&quot;:{&quot;600&quot;:{&quot;slidesPerView&quot;:2,&quot;spaceBetween&quot;:35,&quot;slidesPerGroup&quot;:1},&quot;767&quot;:{&quot;slidesPerView&quot;:2,&quot;spaceBetween&quot;:35,&quot;slidesPerGroup&quot;:1},&quot;1023&quot;:{&quot;slidesPerView&quot;:1,&quot;spaceBetween&quot;:20,&quot;slidesPerGroup&quot;:1}},&quot;navigation&quot;:{&quot;nextEl&quot;:&quot;#jltma-image-carousel-c33c75d .jltma-arrow--next&quot;,&quot;prevEl&quot;:&quot;#jltma-image-carousel-c33c75d .jltma-arrow--prev&quot;},&quot;pagination&quot;:{&quot;el&quot;:&quot;#jltma-image-carousel-c33c75d .swiper-pagination&quot;,&quot;type&quot;:&quot;&quot;,&quot;clickable&quot;:&quot;true&quot;,&quot;dynamicBullets&quot;:false},&quot;scrollbar&quot;:{&quot;el&quot;:&quot;#jltma-image-carousel-c33c75d .swiper-scrollbar&quot;,&quot;hide&quot;:&quot;true&quot;},&quot;coverflowEffect&quot;:{&quot;rotate&quot;:50,&quot;stretch&quot;:0,&quot;depth&quot;:100,&quot;modifier&quot;:1,&quot;slideShadows&quot;:true}}\">\n\t\t\t<div class=\"jltma-image-carousel-wrapper jltma-carousel jltma-swiper jltma-swiper__container swiper elementor-jltma-element-c33c75d-3584\" data-image-carousel-template-widget-id=\"c33c75d-3584\">\n\t\t\t\t<div class=\"jltma-image-carousel jltma-swiper__wrapper swiper-wrapper\">\n\n\t\t\t\t\t\t\t\t\t\t\t\t<div class=\"jltma-slider__item jltma-swiper__slide swiper-slide\">\n\n\t\t\t\t\t\t\t\t<figure class=\"jltma-image-carousel-figure\">\n\n\t\t\t\t\t\t\t\t\t\t\t\t\t\t\t\t\t\t\t<a class=\"jltma-image-carousel-slider-item jltma-image-slider-link jltma-lightbox-item jltma-click-icon elementor-clickable jltma-fancybox\" href=\"https:\/\/ativamoveis.com.br\/Spanish\/wp-content\/uploads\/2025\/04\/m-Cod-5167-rack-milao-clean-3.png\" data-fancybox=\"gallery\" data-elementor-lightbox-slideshow=\"c33c75d\" data-elementor-open-lightbox=\"no\" data-caption=\"&lt;div class=&quot;jltma-fancybox-caption&quot;&gt;&lt;h4 class=&quot;jltma-image-carousel-title&quot;&gt;m Cod 5167 rack mil\u00e3o clean&lt;\/h4&gt;&lt;\/div&gt;\">\n\t\t\t\t\t\t\t\t\t\t\t<?xml version=\"1.0\" encoding=\"iso-8859-1\"?><svg version=\"1.1\" id=\"Capa_1\" xmlns=\"http:\/\/www.w3.org\/2000\/svg\" xmlns:xlink=\"http:\/\/www.w3.org\/1999\/xlink\" x=\"0px\" y=\"0px\" viewBox=\"0 0 512 512\" style=\"enable-background:new 0 0 512 512;\" xml:space=\"preserve\"><g><g><path d=\"M210,229.236V90H90v150h90.935L272,369.004v-52.215L210,229.236z M180,210h-60v-90h60V210z\"\/><\/g><\/g><g><g><path d=\"M0,0v512h512V0H0z M482,482H30V30h452V482z\"\/><\/g><\/g><g><g><path d=\"M330.031,272L240,142.997v52.214l62,89.135V422h120V272H330.031z M392,392h-60v-90h60V392z\"\/><\/g><\/g><g><\/g><g><\/g><g><\/g><g><\/g><g><\/g><g><\/g><g><\/g><g><\/g><g><\/g><g><\/g><g><\/g><g><\/g><g><\/g><g><\/g><g><\/g><\/svg>\t\t\t\t\t\t\t\t\t\t<\/a>\n\n\t\t\t\t\t\t\t\t\t<img fetchpriority=\"high\" decoding=\"async\" width=\"1350\" height=\"846\" src=\"https:\/\/ativamoveis.com.br\/Spanish\/wp-content\/uploads\/2025\/04\/m-Cod-5167-rack-milao-clean-3.png\" class=\"jltma-carousel-img elementor-animation-\" alt=\"\" srcset=\"https:\/\/ativamoveis.com.br\/Spanish\/wp-content\/uploads\/2025\/04\/m-Cod-5167-rack-milao-clean-3.png 1350w, https:\/\/ativamoveis.com.br\/Spanish\/wp-content\/uploads\/2025\/04\/m-Cod-5167-rack-milao-clean-3-300x188.png 300w, https:\/\/ativamoveis.com.br\/Spanish\/wp-content\/uploads\/2025\/04\/m-Cod-5167-rack-milao-clean-3-1024x642.png 1024w, https:\/\/ativamoveis.com.br\/Spanish\/wp-content\/uploads\/2025\/04\/m-Cod-5167-rack-milao-clean-3-768x481.png 768w, https:\/\/ativamoveis.com.br\/Spanish\/wp-content\/uploads\/2025\/04\/m-Cod-5167-rack-milao-clean-3-600x376.png 600w\" sizes=\"(max-width: 1350px) 100vw, 1350px\" \/>\t\t\t\t\t\t\t\t<\/figure>\n\n\t\t\t\t\t\t\t<\/div>\n\n\t\t\t\t\t\t\t\t\t\t\t\t<div class=\"jltma-slider__item jltma-swiper__slide swiper-slide\">\n\n\t\t\t\t\t\t\t\t<figure class=\"jltma-image-carousel-figure\">\n\n\t\t\t\t\t\t\t\t\t\t\t\t\t\t\t\t\t\t\t<a class=\"jltma-image-carousel-slider-item jltma-image-slider-link jltma-lightbox-item jltma-click-icon elementor-clickable jltma-fancybox\" href=\"https:\/\/ativamoveis.com.br\/Spanish\/wp-content\/uploads\/2025\/04\/m-Cod-5167-rack-milao-clean-2-1.png\" data-fancybox=\"gallery\" data-elementor-lightbox-slideshow=\"c33c75d\" data-elementor-open-lightbox=\"no\" data-caption=\"&lt;div class=&quot;jltma-fancybox-caption&quot;&gt;&lt;h4 class=&quot;jltma-image-carousel-title&quot;&gt;m Cod 5167 rack mil\u00e3o clean (2)&lt;\/h4&gt;&lt;\/div&gt;\">\n\t\t\t\t\t\t\t\t\t\t\t<?xml version=\"1.0\" encoding=\"iso-8859-1\"?><svg version=\"1.1\" id=\"Capa_1\" xmlns=\"http:\/\/www.w3.org\/2000\/svg\" xmlns:xlink=\"http:\/\/www.w3.org\/1999\/xlink\" x=\"0px\" y=\"0px\" viewBox=\"0 0 512 512\" style=\"enable-background:new 0 0 512 512;\" xml:space=\"preserve\"><g><g><path d=\"M210,229.236V90H90v150h90.935L272,369.004v-52.215L210,229.236z M180,210h-60v-90h60V210z\"\/><\/g><\/g><g><g><path d=\"M0,0v512h512V0H0z M482,482H30V30h452V482z\"\/><\/g><\/g><g><g><path d=\"M330.031,272L240,142.997v52.214l62,89.135V422h120V272H330.031z M392,392h-60v-90h60V392z\"\/><\/g><\/g><g><\/g><g><\/g><g><\/g><g><\/g><g><\/g><g><\/g><g><\/g><g><\/g><g><\/g><g><\/g><g><\/g><g><\/g><g><\/g><g><\/g><g><\/g><\/svg>\t\t\t\t\t\t\t\t\t\t<\/a>\n\n\t\t\t\t\t\t\t\t\t<img decoding=\"async\" width=\"1350\" height=\"846\" src=\"https:\/\/ativamoveis.com.br\/Spanish\/wp-content\/uploads\/2025\/04\/m-Cod-5167-rack-milao-clean-2-1.png\" class=\"jltma-carousel-img elementor-animation-\" alt=\"\" srcset=\"https:\/\/ativamoveis.com.br\/Spanish\/wp-content\/uploads\/2025\/04\/m-Cod-5167-rack-milao-clean-2-1.png 1350w, https:\/\/ativamoveis.com.br\/Spanish\/wp-content\/uploads\/2025\/04\/m-Cod-5167-rack-milao-clean-2-1-300x188.png 300w, https:\/\/ativamoveis.com.br\/Spanish\/wp-content\/uploads\/2025\/04\/m-Cod-5167-rack-milao-clean-2-1-1024x642.png 1024w, https:\/\/ativamoveis.com.br\/Spanish\/wp-content\/uploads\/2025\/04\/m-Cod-5167-rack-milao-clean-2-1-768x481.png 768w, https:\/\/ativamoveis.com.br\/Spanish\/wp-content\/uploads\/2025\/04\/m-Cod-5167-rack-milao-clean-2-1-600x376.png 600w\" sizes=\"(max-width: 1350px) 100vw, 1350px\" \/>\t\t\t\t\t\t\t\t<\/figure>\n\n\t\t\t\t\t\t\t<\/div>\n\n\t\t\t\t\t\n\t\t\t\t<\/div> <!-- swiper-wrapper -->\n\n\t\t\t<\/div>\n\t\t\t<!--\/.ma-image-carousel-->\n\n\n\t\t\t        <div class=\"jltma-arrows jltma-swiper__navigation jltma-swiper__navigation--inside jltma-swiper__navigation--center jltma-swiper__pagination jltma-swiper__pagination--arrows jltma-position-z-index jltma-swiper__pagination-c33c75d jltma-visible-mobile\" id=\"jltma-arrows-c33c75d\">\n                                    <div class=\"jltma-swiper__button jltma-swiper__button--prev jltma-arrow jltma-arrow--prev jltma-swiper__button--prev-c33c75d\">\n            <i class=\"fas fa-arrow-left\"><\/i>\n        <\/div>\n        <div class=\"jltma-swiper__button jltma-swiper__button--next jltma-arrow jltma-arrow--next jltma-swiper__button--next-c33c75d\">\n            <i class=\"fas fa-arrow-right\"><\/i>\n        <\/div>\n                            <\/div>\n\n    \n\t\t\t\n\n\t\t<\/div>\n\t\t<!--\/.carousel-attribute-->\n\t\t\t\t<\/div>\n\t\t\t\t<\/div>\n\t\t\t\t\t<\/div>\n\t\t\t\t<\/div>\n\t\t<div class=\"elementor-element elementor-element-7652fa1 e-flex e-con-boxed jltma-glass-effect-no e-con e-parent\" data-id=\"7652fa1\" data-element_type=\"container\" data-settings=\"{&quot;background_background&quot;:&quot;classic&quot;}\">\n\t\t\t\t\t<div class=\"e-con-inner\">\n\t\t\t\t<div class=\"elementor-element elementor-element-18a49be jltma-glass-effect-no elementor-widget elementor-widget-text-editor\" data-id=\"18a49be\" data-element_type=\"widget\" data-widget_type=\"text-editor.default\">\n\t\t\t\t<div class=\"elementor-widget-container\">\n\t\t\t\t\t\t\t\t\t<p>Use las flechas para navegar, o haga clic y arrastre las im\u00e1genes. Si lo prefiere, haga clic en el icono sobre la foto para ampliarla.<\/p>\t\t\t\t\t\t\t\t<\/div>\n\t\t\t\t<\/div>\n\t\t\t\t\t<\/div>\n\t\t\t\t<\/div>\n\t\t<div class=\"elementor-element elementor-element-412a948 e-flex e-con-boxed jltma-glass-effect-no e-con e-parent\" data-id=\"412a948\" data-element_type=\"container\" data-settings=\"{&quot;background_background&quot;:&quot;classic&quot;}\">\n\t\t\t\t\t<div class=\"e-con-inner\">\n\t\t\t\t<div class=\"elementor-element elementor-element-73178d5 jltma-glass-effect-no elementor-widget elementor-widget-ma-gradient-headline\" data-id=\"73178d5\" data-element_type=\"widget\" data-widget_type=\"ma-gradient-headline.default\">\n\t\t\t\t<div class=\"elementor-widget-container\">\n\t\t\t\t\t<h2 class=\"jltma-gradient-headline\">Rack Mil\u00e3o Clean<\/h2>\t\t\t\t<\/div>\n\t\t\t\t<\/div>\n\t\t\t\t<div class=\"elementor-element elementor-element-ef0e84b jltma-glass-effect-no elementor-widget elementor-widget-text-editor\" data-id=\"ef0e84b\" data-element_type=\"widget\" data-widget_type=\"text-editor.default\">\n\t\t\t\t<div class=\"elementor-widget-container\">\n\t\t\t\t\t\t\t\t\t<p>Cada modelo aporta un toque \u00fanico, uniendo funcionalidad y belleza para transformar la sala de estar de sus clientes. Con dise\u00f1os que var\u00edan desde lo r\u00fastico hasta lo contempor\u00e1neo, nuestros racks ofrecen soluciones pr\u00e1cticas y con estilo para cualquier ambiente. Los acabados de alta calidad garantizan durabilidad y elegancia, siendo perfectos para satisfacer las demandas del mercado.<\/p>\t\t\t\t\t\t\t\t<\/div>\n\t\t\t\t<\/div>\n\t\t\t\t\t<\/div>\n\t\t\t\t<\/div>\n\t\t<div class=\"elementor-element elementor-element-346e1a5 e-flex e-con-boxed jltma-glass-effect-no e-con e-parent\" data-id=\"346e1a5\" data-element_type=\"container\" data-settings=\"{&quot;background_background&quot;:&quot;gradient&quot;}\">\n\t\t\t\t\t<div class=\"e-con-inner\">\n\t\t\t\t<div class=\"elementor-element elementor-element-b2d6a47 elementor-align-justify jltma-glass-effect-no elementor-widget elementor-widget-button\" data-id=\"b2d6a47\" data-element_type=\"widget\" data-widget_type=\"button.default\">\n\t\t\t\t<div class=\"elementor-widget-container\">\n\t\t\t\t\t\t\t\t\t<div class=\"elementor-button-wrapper\">\n\t\t\t\t\t<a class=\"elementor-button elementor-button-link elementor-size-sm\" href=\"https:\/\/ativamoveis.com.br\/Spanish\/contato\/\">\n\t\t\t\t\t\t<span class=\"elementor-button-content-wrapper\">\n\t\t\t\t\t\t\t\t\t<span class=\"elementor-button-text\">Cont\u00e1ctenos y conozca m\u00e1s sobre nuestros productos<\/span>\n\t\t\t\t\t<\/span>\n\t\t\t\t\t<\/a>\n\t\t\t\t<\/div>\n\t\t\t\t\t\t\t\t<\/div>\n\t\t\t\t<\/div>\n\t\t\t\t\t<\/div>\n\t\t\t\t<\/div>\n\t\t<div class=\"elementor-element elementor-element-bf5f9d4 e-flex e-con-boxed jltma-glass-effect-no e-con e-parent\" data-id=\"bf5f9d4\" data-element_type=\"container\" data-settings=\"{&quot;background_background&quot;:&quot;classic&quot;}\">\n\t\t\t\t\t<div class=\"e-con-inner\">\n\t\t\t\t<div class=\"elementor-element elementor-element-f16a900 jltma-glass-effect-no elementor-widget elementor-widget-button\" data-id=\"f16a900\" data-element_type=\"widget\" data-widget_type=\"button.default\">\n\t\t\t\t<div class=\"elementor-widget-container\">\n\t\t\t\t\t\t\t\t\t<div class=\"elementor-button-wrapper\">\n\t\t\t\t\t<a class=\"elementor-button elementor-button-link elementor-size-sm\" href=\"https:\/\/ativamoveis.com.br\/Spanish\/racksepaineis\/\">\n\t\t\t\t\t\t<span class=\"elementor-button-content-wrapper\">\n\t\t\t\t\t\t\t\t\t<span class=\"elementor-button-text\">Volver<\/span>\n\t\t\t\t\t<\/span>\n\t\t\t\t\t<\/a>\n\t\t\t\t<\/div>\n\t\t\t\t\t\t\t\t<\/div>\n\t\t\t\t<\/div>\n\t\t\t\t\t<\/div>\n\t\t\t\t<\/div>\n\t\t<div class=\"elementor-element elementor-element-6458e81 e-flex e-con-boxed jltma-glass-effect-no e-con e-parent\" data-id=\"6458e81\" data-element_type=\"container\" data-settings=\"{&quot;background_background&quot;:&quot;gradient&quot;}\">\n\t\t\t\t\t<div class=\"e-con-inner\">\n\t\t<div class=\"elementor-element elementor-element-804fc6b e-con-full e-transform e-flex jltma-glass-effect-no e-con e-child\" data-id=\"804fc6b\" data-element_type=\"container\" data-settings=\"{&quot;_transform_translateX_effect&quot;:{&quot;unit&quot;:&quot;px&quot;,&quot;size&quot;:0,&quot;sizes&quot;:[]},&quot;_transform_translateX_effect_tablet&quot;:{&quot;unit&quot;:&quot;px&quot;,&quot;size&quot;:&quot;&quot;,&quot;sizes&quot;:[]},&quot;_transform_translateX_effect_mobile&quot;:{&quot;unit&quot;:&quot;px&quot;,&quot;size&quot;:&quot;&quot;,&quot;sizes&quot;:[]},&quot;_transform_translateY_effect&quot;:{&quot;unit&quot;:&quot;px&quot;,&quot;size&quot;:&quot;&quot;,&quot;sizes&quot;:[]},&quot;_transform_translateY_effect_tablet&quot;:{&quot;unit&quot;:&quot;px&quot;,&quot;size&quot;:&quot;&quot;,&quot;sizes&quot;:[]},&quot;_transform_translateY_effect_mobile&quot;:{&quot;unit&quot;:&quot;px&quot;,&quot;size&quot;:&quot;&quot;,&quot;sizes&quot;:[]}}\">\n\t\t\t\t<div class=\"elementor-element elementor-element-df513e6 jltma-glass-effect-no elementor-widget elementor-widget-image\" data-id=\"df513e6\" data-element_type=\"widget\" data-widget_type=\"image.default\">\n\t\t\t\t<div class=\"elementor-widget-container\">\n\t\t\t\t\t\t\t\t\t\t\t\t\t\t\t<img decoding=\"async\" width=\"802\" height=\"889\" src=\"https:\/\/ativamoveis.com.br\/Spanish\/wp-content\/uploads\/2024\/11\/foto1.png\" class=\"attachment-full size-full wp-image-1511\" alt=\"\" srcset=\"https:\/\/ativamoveis.com.br\/Spanish\/wp-content\/uploads\/2024\/11\/foto1.png 802w, https:\/\/ativamoveis.com.br\/Spanish\/wp-content\/uploads\/2024\/11\/foto1-271x300.png 271w, https:\/\/ativamoveis.com.br\/Spanish\/wp-content\/uploads\/2024\/11\/foto1-768x851.png 768w, https:\/\/ativamoveis.com.br\/Spanish\/wp-content\/uploads\/2024\/11\/foto1-600x665.png 600w\" sizes=\"(max-width: 802px) 100vw, 802px\" \/>\t\t\t\t\t\t\t\t\t\t\t\t\t\t\t<\/div>\n\t\t\t\t<\/div>\n\t\t\t\t<\/div>\n\t\t<div class=\"elementor-element elementor-element-ae239f6 e-con-full e-transform e-flex jltma-glass-effect-no e-con e-child\" data-id=\"ae239f6\" data-element_type=\"container\" data-settings=\"{&quot;_transform_translateX_effect&quot;:{&quot;unit&quot;:&quot;px&quot;,&quot;size&quot;:0,&quot;sizes&quot;:[]},&quot;_transform_translateX_effect_tablet&quot;:{&quot;unit&quot;:&quot;px&quot;,&quot;size&quot;:&quot;&quot;,&quot;sizes&quot;:[]},&quot;_transform_translateX_effect_mobile&quot;:{&quot;unit&quot;:&quot;px&quot;,&quot;size&quot;:&quot;&quot;,&quot;sizes&quot;:[]},&quot;_transform_translateY_effect&quot;:{&quot;unit&quot;:&quot;px&quot;,&quot;size&quot;:&quot;&quot;,&quot;sizes&quot;:[]},&quot;_transform_translateY_effect_tablet&quot;:{&quot;unit&quot;:&quot;px&quot;,&quot;size&quot;:&quot;&quot;,&quot;sizes&quot;:[]},&quot;_transform_translateY_effect_mobile&quot;:{&quot;unit&quot;:&quot;px&quot;,&quot;size&quot;:&quot;&quot;,&quot;sizes&quot;:[]}}\">\n\t\t\t\t<div class=\"elementor-element elementor-element-6081872 jltma-glass-effect-no elementor-widget elementor-widget-text-editor\" data-id=\"6081872\" data-element_type=\"widget\" data-widget_type=\"text-editor.default\">\n\t\t\t\t<div class=\"elementor-widget-container\">\n\t\t\t\t\t\t\t\t\t<p>Convi\u00e9rtete en<br \/>representante de ventas<\/p>\t\t\t\t\t\t\t\t<\/div>\n\t\t\t\t<\/div>\n\t\t\t\t<div class=\"elementor-element elementor-element-2140c6a jltma-glass-effect-no elementor-widget elementor-widget-text-editor\" data-id=\"2140c6a\" data-element_type=\"widget\" data-widget_type=\"text-editor.default\">\n\t\t\t\t<div class=\"elementor-widget-container\">\n\t\t\t\t\t\t\t\t\t<p>Representar nuestros productos significa entregar calidad y confianza a cada cliente. \u00a1\u00danase a nuestro equipo y forme parte de una red exitosa!<\/p>\t\t\t\t\t\t\t\t<\/div>\n\t\t\t\t<\/div>\n\t\t\t\t<div class=\"elementor-element elementor-element-8b24c76 jltma-glass-effect-no elementor-widget elementor-widget-button\" data-id=\"8b24c76\" data-element_type=\"widget\" data-widget_type=\"button.default\">\n\t\t\t\t<div class=\"elementor-widget-container\">\n\t\t\t\t\t\t\t\t\t<div class=\"elementor-button-wrapper\">\n\t\t\t\t\t<a class=\"elementor-button elementor-button-link elementor-size-sm\" href=\"https:\/\/ativamoveis.com.br\/Spanish\/contato\/\">\n\t\t\t\t\t\t<span class=\"elementor-button-content-wrapper\">\n\t\t\t\t\t\t\t\t\t<span class=\"elementor-button-text\">Cont\u00e1ctenos<\/span>\n\t\t\t\t\t<\/span>\n\t\t\t\t\t<\/a>\n\t\t\t\t<\/div>\n\t\t\t\t\t\t\t\t<\/div>\n\t\t\t\t<\/div>\n\t\t\t\t<\/div>\n\t\t\t\t\t<\/div>\n\t\t\t\t<\/div>\n\t\t\t\t<\/div>\n\t\t","protected":false},"excerpt":{"rendered":"<p>Racks y Paneles para TV Rack Mil\u00e3o Clean Use las flechas para navegar, o haga clic y arrastre las im\u00e1genes. Si lo prefiere, haga clic en el icono sobre la foto para ampliarla. Rack Mil\u00e3o Clean Cada modelo aporta un toque \u00fanico, uniendo funcionalidad y belleza para transformar la sala de estar de sus clientes. [&hellip;]<\/p>\n","protected":false},"author":1,"featured_media":0,"parent":0,"menu_order":0,"comment_status":"closed","ping_status":"closed","template":"elementor_header_footer","meta":{"_joinchat":[],"footnotes":""},"class_list":["post-3584","page","type-page","status-publish","hentry"],"_links":{"self":[{"href":"https:\/\/ativamoveis.com.br\/Spanish\/wp-json\/wp\/v2\/pages\/3584","targetHints":{"allow":["GET"]}}],"collection":[{"href":"https:\/\/ativamoveis.com.br\/Spanish\/wp-json\/wp\/v2\/pages"}],"about":[{"href":"https:\/\/ativamoveis.com.br\/Spanish\/wp-json\/wp\/v2\/types\/page"}],"author":[{"embeddable":true,"href":"https:\/\/ativamoveis.com.br\/Spanish\/wp-json\/wp\/v2\/users\/1"}],"replies":[{"embeddable":true,"href":"https:\/\/ativamoveis.com.br\/Spanish\/wp-json\/wp\/v2\/comments?post=3584"}],"version-history":[{"count":20,"href":"https:\/\/ativamoveis.com.br\/Spanish\/wp-json\/wp\/v2\/pages\/3584\/revisions"}],"predecessor-version":[{"id":11116,"href":"https:\/\/ativamoveis.com.br\/Spanish\/wp-json\/wp\/v2\/pages\/3584\/revisions\/11116"}],"wp:attachment":[{"href":"https:\/\/ativamoveis.com.br\/Spanish\/wp-json\/wp\/v2\/media?parent=3584"}],"curies":[{"name":"wp","href":"https:\/\/api.w.org\/{rel}","templated":true}]}}