{"id":3688,"date":"2025-03-21T00:38:49","date_gmt":"2025-03-21T00:38:49","guid":{"rendered":"https:\/\/ativamoveis.com.br\/?page_id=3688"},"modified":"2026-05-13T16:04:36","modified_gmt":"2026-05-13T16:04:36","slug":"estantecountrycomgavetas-2","status":"publish","type":"page","link":"https:\/\/ativamoveis.com.br\/Spanish\/estantecountrycomgavetas-2\/","title":{"rendered":"Estanter\u00eda Country"},"content":{"rendered":"\t\t<div data-elementor-type=\"wp-page\" data-elementor-id=\"3688\" class=\"elementor elementor-3688\">\n\t\t\t\t<div class=\"elementor-element elementor-element-e51de10 e-flex e-con-boxed jltma-glass-effect-no e-con e-parent\" data-id=\"e51de10\" data-element_type=\"container\">\n\t\t\t\t\t<div class=\"e-con-inner\">\n\t\t\t\t<div class=\"elementor-element elementor-element-0b5f3ce jltma-glass-effect-no elementor-widget elementor-widget-spacer\" data-id=\"0b5f3ce\" data-element_type=\"widget\" data-widget_type=\"spacer.default\">\n\t\t\t\t<div class=\"elementor-widget-container\">\n\t\t\t\t\t\t\t<div class=\"elementor-spacer\">\n\t\t\t<div class=\"elementor-spacer-inner\"><\/div>\n\t\t<\/div>\n\t\t\t\t\t\t<\/div>\n\t\t\t\t<\/div>\n\t\t\t\t\t<\/div>\n\t\t\t\t<\/div>\n\t\t<div class=\"elementor-element elementor-element-bf3291e e-flex e-con-boxed jltma-glass-effect-no e-con e-parent\" data-id=\"bf3291e\" data-element_type=\"container\">\n\t\t\t\t\t<div class=\"e-con-inner\">\n\t\t\t\t<div class=\"elementor-element elementor-element-d22848a jltma-glass-effect-no elementor-widget elementor-widget-spacer\" data-id=\"d22848a\" data-element_type=\"widget\" data-widget_type=\"spacer.default\">\n\t\t\t\t<div class=\"elementor-widget-container\">\n\t\t\t\t\t\t\t<div class=\"elementor-spacer\">\n\t\t\t<div class=\"elementor-spacer-inner\"><\/div>\n\t\t<\/div>\n\t\t\t\t\t\t<\/div>\n\t\t\t\t<\/div>\n\t\t\t\t\t<\/div>\n\t\t\t\t<\/div>\n\t\t<div class=\"elementor-element elementor-element-c10a464 e-flex e-con-boxed jltma-glass-effect-no e-con e-parent\" data-id=\"c10a464\" data-element_type=\"container\" data-settings=\"{&quot;background_background&quot;:&quot;classic&quot;}\">\n\t\t\t\t\t<div class=\"e-con-inner\">\n\t\t<div class=\"elementor-element elementor-element-c5e395e e-con-full e-flex jltma-glass-effect-no e-con e-child\" data-id=\"c5e395e\" data-element_type=\"container\">\n\t\t\t\t<div class=\"elementor-element elementor-element-84dca90 jltma-glass-effect-no elementor-widget elementor-widget-text-editor\" data-id=\"84dca90\" data-element_type=\"widget\" data-widget_type=\"text-editor.default\">\n\t\t\t\t<div class=\"elementor-widget-container\">\n\t\t\t\t\t\t\t\t\t<p>Estanter\u00edas y Libreros<\/p>\t\t\t\t\t\t\t\t<\/div>\n\t\t\t\t<\/div>\n\t\t\t\t<\/div>\n\t\t\t\t\t<\/div>\n\t\t\t\t<\/div>\n\t\t<div class=\"elementor-element elementor-element-e3cfb51 e-flex e-con-boxed jltma-glass-effect-no e-con e-parent\" data-id=\"e3cfb51\" data-element_type=\"container\" data-settings=\"{&quot;background_background&quot;:&quot;classic&quot;}\">\n\t\t\t\t\t<div class=\"e-con-inner\">\n\t\t<div class=\"elementor-element elementor-element-d6ec1de e-con-full e-flex jltma-glass-effect-no e-con e-child\" data-id=\"d6ec1de\" data-element_type=\"container\">\n\t\t\t\t<div class=\"elementor-element elementor-element-23643c2 jltma-glass-effect-no elementor-widget elementor-widget-text-editor\" data-id=\"23643c2\" data-element_type=\"widget\" data-widget_type=\"text-editor.default\">\n\t\t\t\t<div class=\"elementor-widget-container\">\n\t\t\t\t\t\t\t\t\t<p>Estanter\u00eda Country con Cajones<\/p>\t\t\t\t\t\t\t\t<\/div>\n\t\t\t\t<\/div>\n\t\t\t\t<\/div>\n\t\t\t\t\t<\/div>\n\t\t\t\t<\/div>\n\t\t<div class=\"elementor-element elementor-element-4b8e295 e-flex e-con-boxed jltma-glass-effect-no e-con e-parent\" data-id=\"4b8e295\" data-element_type=\"container\" data-settings=\"{&quot;background_background&quot;:&quot;classic&quot;}\">\n\t\t\t\t\t<div class=\"e-con-inner\">\n\t\t\t\t<div class=\"elementor-element elementor-element-c33c75d jltma-navigation-type-arrows jltma-carousel-style-carousel jltma-glass-effect-no elementor-widget elementor-widget-ma-image-carousel\" data-id=\"c33c75d\" data-element_type=\"widget\" data-settings=\"{&quot;item_gap&quot;:{&quot;unit&quot;:&quot;px&quot;,&quot;size&quot;:20,&quot;sizes&quot;:[]},&quot;enable_lightbox&quot;:&quot;yes&quot;,&quot;autoheight&quot;:&quot;yes&quot;,&quot;item_gap_tablet&quot;:{&quot;unit&quot;:&quot;px&quot;,&quot;size&quot;:35,&quot;sizes&quot;:[]},&quot;item_gap_mobile&quot;:{&quot;unit&quot;:&quot;px&quot;,&quot;size&quot;:20,&quot;sizes&quot;:[]}}\" data-widget_type=\"ma-image-carousel.default\">\n\t\t\t\t<div class=\"elementor-widget-container\">\n\t\t\t\t\t\t\t<div id=\"jltma-image-carousel-c33c75d\" class=\"jltma-arrows-align-center jltma-image-carousel-slider\" data-settings=\"{&quot;autoplay&quot;:{&quot;delay&quot;:5000},&quot;loop&quot;:true,&quot;speed&quot;:500,&quot;slidesPerView&quot;:1,&quot;slidesPerGroup&quot;:1,&quot;spaceBetween&quot;:20,&quot;centeredSlides&quot;:true,&quot;freeMode&quot;:true,&quot;effect&quot;:&quot;carousel&quot;,&quot;breakpoints&quot;:{&quot;600&quot;:{&quot;slidesPerView&quot;:2,&quot;spaceBetween&quot;:35,&quot;slidesPerGroup&quot;:1},&quot;767&quot;:{&quot;slidesPerView&quot;:2,&quot;spaceBetween&quot;:35,&quot;slidesPerGroup&quot;:1},&quot;1023&quot;:{&quot;slidesPerView&quot;:1,&quot;spaceBetween&quot;:20,&quot;slidesPerGroup&quot;:1}},&quot;navigation&quot;:{&quot;nextEl&quot;:&quot;#jltma-image-carousel-c33c75d .jltma-arrow--next&quot;,&quot;prevEl&quot;:&quot;#jltma-image-carousel-c33c75d .jltma-arrow--prev&quot;},&quot;pagination&quot;:{&quot;el&quot;:&quot;#jltma-image-carousel-c33c75d .swiper-pagination&quot;,&quot;type&quot;:&quot;&quot;,&quot;clickable&quot;:&quot;true&quot;,&quot;dynamicBullets&quot;:false},&quot;scrollbar&quot;:{&quot;el&quot;:&quot;#jltma-image-carousel-c33c75d .swiper-scrollbar&quot;,&quot;hide&quot;:&quot;true&quot;},&quot;coverflowEffect&quot;:{&quot;rotate&quot;:50,&quot;stretch&quot;:0,&quot;depth&quot;:100,&quot;modifier&quot;:1,&quot;slideShadows&quot;:true}}\">\n\t\t\t<div class=\"jltma-image-carousel-wrapper jltma-carousel jltma-swiper jltma-swiper__container swiper elementor-jltma-element-c33c75d-3688\" data-image-carousel-template-widget-id=\"c33c75d-3688\">\n\t\t\t\t<div class=\"jltma-image-carousel jltma-swiper__wrapper swiper-wrapper\">\n\n\t\t\t\t\t\t\t\t\t\t\t\t<div class=\"jltma-slider__item jltma-swiper__slide swiper-slide\">\n\n\t\t\t\t\t\t\t\t<figure class=\"jltma-image-carousel-figure\">\n\n\t\t\t\t\t\t\t\t\t\t\t\t\t\t\t\t\t\t\t<a class=\"jltma-image-carousel-slider-item jltma-image-slider-link jltma-lightbox-item jltma-click-icon elementor-clickable jltma-fancybox\" href=\"https:\/\/ativamoveis.com.br\/Spanish\/wp-content\/uploads\/2025\/04\/s-Cod-5129-estante-country-1.png\" data-fancybox=\"gallery\" data-elementor-lightbox-slideshow=\"c33c75d\" data-elementor-open-lightbox=\"no\" data-caption=\"&lt;div class=&quot;jltma-fancybox-caption&quot;&gt;&lt;h4 class=&quot;jltma-image-carousel-title&quot;&gt;s Cod 5129 estante country&lt;\/h4&gt;&lt;\/div&gt;\">\n\t\t\t\t\t\t\t\t\t\t\t<?xml version=\"1.0\" encoding=\"iso-8859-1\"?><svg version=\"1.1\" id=\"Capa_1\" xmlns=\"http:\/\/www.w3.org\/2000\/svg\" xmlns:xlink=\"http:\/\/www.w3.org\/1999\/xlink\" x=\"0px\" y=\"0px\" viewBox=\"0 0 512 512\" style=\"enable-background:new 0 0 512 512;\" xml:space=\"preserve\"><g><g><path d=\"M210,229.236V90H90v150h90.935L272,369.004v-52.215L210,229.236z M180,210h-60v-90h60V210z\"\/><\/g><\/g><g><g><path d=\"M0,0v512h512V0H0z M482,482H30V30h452V482z\"\/><\/g><\/g><g><g><path d=\"M330.031,272L240,142.997v52.214l62,89.135V422h120V272H330.031z M392,392h-60v-90h60V392z\"\/><\/g><\/g><g><\/g><g><\/g><g><\/g><g><\/g><g><\/g><g><\/g><g><\/g><g><\/g><g><\/g><g><\/g><g><\/g><g><\/g><g><\/g><g><\/g><g><\/g><\/svg>\t\t\t\t\t\t\t\t\t\t<\/a>\n\n\t\t\t\t\t\t\t\t\t<img fetchpriority=\"high\" decoding=\"async\" width=\"1350\" height=\"846\" src=\"https:\/\/ativamoveis.com.br\/Spanish\/wp-content\/uploads\/2025\/04\/s-Cod-5129-estante-country-1.png\" class=\"jltma-carousel-img elementor-animation-\" alt=\"\" srcset=\"https:\/\/ativamoveis.com.br\/Spanish\/wp-content\/uploads\/2025\/04\/s-Cod-5129-estante-country-1.png 1350w, https:\/\/ativamoveis.com.br\/Spanish\/wp-content\/uploads\/2025\/04\/s-Cod-5129-estante-country-1-300x188.png 300w, https:\/\/ativamoveis.com.br\/Spanish\/wp-content\/uploads\/2025\/04\/s-Cod-5129-estante-country-1-1024x642.png 1024w, https:\/\/ativamoveis.com.br\/Spanish\/wp-content\/uploads\/2025\/04\/s-Cod-5129-estante-country-1-768x481.png 768w, https:\/\/ativamoveis.com.br\/Spanish\/wp-content\/uploads\/2025\/04\/s-Cod-5129-estante-country-1-600x376.png 600w\" sizes=\"(max-width: 1350px) 100vw, 1350px\" \/>\t\t\t\t\t\t\t\t<\/figure>\n\n\t\t\t\t\t\t\t<\/div>\n\n\t\t\t\t\t\t\t\t\t\t\t\t<div class=\"jltma-slider__item jltma-swiper__slide swiper-slide\">\n\n\t\t\t\t\t\t\t\t<figure class=\"jltma-image-carousel-figure\">\n\n\t\t\t\t\t\t\t\t\t\t\t\t\t\t\t\t\t\t\t<a class=\"jltma-image-carousel-slider-item jltma-image-slider-link jltma-lightbox-item jltma-click-icon elementor-clickable jltma-fancybox\" href=\"https:\/\/ativamoveis.com.br\/Spanish\/wp-content\/uploads\/2025\/04\/s-Cod-5129-estante-country.png\" data-fancybox=\"gallery\" data-elementor-lightbox-slideshow=\"c33c75d\" data-elementor-open-lightbox=\"no\" data-caption=\"&lt;div class=&quot;jltma-fancybox-caption&quot;&gt;&lt;h4 class=&quot;jltma-image-carousel-title&quot;&gt;s Cod 5129 estante country&lt;\/h4&gt;&lt;\/div&gt;\">\n\t\t\t\t\t\t\t\t\t\t\t<?xml version=\"1.0\" encoding=\"iso-8859-1\"?><svg version=\"1.1\" id=\"Capa_1\" xmlns=\"http:\/\/www.w3.org\/2000\/svg\" xmlns:xlink=\"http:\/\/www.w3.org\/1999\/xlink\" x=\"0px\" y=\"0px\" viewBox=\"0 0 512 512\" style=\"enable-background:new 0 0 512 512;\" xml:space=\"preserve\"><g><g><path d=\"M210,229.236V90H90v150h90.935L272,369.004v-52.215L210,229.236z M180,210h-60v-90h60V210z\"\/><\/g><\/g><g><g><path d=\"M0,0v512h512V0H0z M482,482H30V30h452V482z\"\/><\/g><\/g><g><g><path d=\"M330.031,272L240,142.997v52.214l62,89.135V422h120V272H330.031z M392,392h-60v-90h60V392z\"\/><\/g><\/g><g><\/g><g><\/g><g><\/g><g><\/g><g><\/g><g><\/g><g><\/g><g><\/g><g><\/g><g><\/g><g><\/g><g><\/g><g><\/g><g><\/g><g><\/g><\/svg>\t\t\t\t\t\t\t\t\t\t<\/a>\n\n\t\t\t\t\t\t\t\t\t<img decoding=\"async\" width=\"1350\" height=\"846\" src=\"https:\/\/ativamoveis.com.br\/Spanish\/wp-content\/uploads\/2025\/04\/s-Cod-5129-estante-country.png\" class=\"jltma-carousel-img elementor-animation-\" alt=\"\" srcset=\"https:\/\/ativamoveis.com.br\/Spanish\/wp-content\/uploads\/2025\/04\/s-Cod-5129-estante-country.png 1350w, https:\/\/ativamoveis.com.br\/Spanish\/wp-content\/uploads\/2025\/04\/s-Cod-5129-estante-country-300x188.png 300w, https:\/\/ativamoveis.com.br\/Spanish\/wp-content\/uploads\/2025\/04\/s-Cod-5129-estante-country-1024x642.png 1024w, https:\/\/ativamoveis.com.br\/Spanish\/wp-content\/uploads\/2025\/04\/s-Cod-5129-estante-country-768x481.png 768w, https:\/\/ativamoveis.com.br\/Spanish\/wp-content\/uploads\/2025\/04\/s-Cod-5129-estante-country-600x376.png 600w\" sizes=\"(max-width: 1350px) 100vw, 1350px\" \/>\t\t\t\t\t\t\t\t<\/figure>\n\n\t\t\t\t\t\t\t<\/div>\n\n\t\t\t\t\t\n\t\t\t\t<\/div> <!-- swiper-wrapper -->\n\n\t\t\t<\/div>\n\t\t\t<!--\/.ma-image-carousel-->\n\n\n\t\t\t        <div class=\"jltma-arrows jltma-swiper__navigation jltma-swiper__navigation--inside jltma-swiper__navigation--center jltma-swiper__pagination jltma-swiper__pagination--arrows jltma-position-z-index jltma-swiper__pagination-c33c75d jltma-visible-mobile\" id=\"jltma-arrows-c33c75d\">\n                                    <div class=\"jltma-swiper__button jltma-swiper__button--prev jltma-arrow jltma-arrow--prev jltma-swiper__button--prev-c33c75d\">\n            <i class=\"fas fa-arrow-left\"><\/i>\n        <\/div>\n        <div class=\"jltma-swiper__button jltma-swiper__button--next jltma-arrow jltma-arrow--next jltma-swiper__button--next-c33c75d\">\n            <i class=\"fas fa-arrow-right\"><\/i>\n        <\/div>\n                            <\/div>\n\n    \n\t\t\t\n\n\t\t<\/div>\n\t\t<!--\/.carousel-attribute-->\n\t\t\t\t<\/div>\n\t\t\t\t<\/div>\n\t\t\t\t\t<\/div>\n\t\t\t\t<\/div>\n\t\t<div class=\"elementor-element elementor-element-e431b43 e-flex e-con-boxed jltma-glass-effect-no e-con e-parent\" data-id=\"e431b43\" data-element_type=\"container\" data-settings=\"{&quot;background_background&quot;:&quot;classic&quot;}\">\n\t\t\t\t\t<div class=\"e-con-inner\">\n\t\t\t\t<div class=\"elementor-element elementor-element-6066576 jltma-glass-effect-no elementor-widget elementor-widget-text-editor\" data-id=\"6066576\" data-element_type=\"widget\" data-widget_type=\"text-editor.default\">\n\t\t\t\t<div class=\"elementor-widget-container\">\n\t\t\t\t\t\t\t\t\t<p>Use las flechas para navegar, o haga clic y arrastre las im\u00e1genes. Si lo prefiere, haga clic en el icono sobre la foto para ampliarla.<\/p>\t\t\t\t\t\t\t\t<\/div>\n\t\t\t\t<\/div>\n\t\t\t\t\t<\/div>\n\t\t\t\t<\/div>\n\t\t<div class=\"elementor-element elementor-element-144cef1 e-flex e-con-boxed jltma-glass-effect-no e-con e-parent\" data-id=\"144cef1\" data-element_type=\"container\" data-settings=\"{&quot;background_background&quot;:&quot;classic&quot;}\">\n\t\t\t\t\t<div class=\"e-con-inner\">\n\t\t\t\t<div class=\"elementor-element elementor-element-7b824a0 jltma-glass-effect-no elementor-widget elementor-widget-ma-gradient-headline\" data-id=\"7b824a0\" data-element_type=\"widget\" data-widget_type=\"ma-gradient-headline.default\">\n\t\t\t\t<div class=\"elementor-widget-container\">\n\t\t\t\t\t<h2 class=\"jltma-gradient-headline\">Estanter\u00eda Country con Cajones<\/h2>\t\t\t\t<\/div>\n\t\t\t\t<\/div>\n\t\t\t\t<div class=\"elementor-element elementor-element-e3b6621 jltma-glass-effect-no elementor-widget elementor-widget-text-editor\" data-id=\"e3b6621\" data-element_type=\"widget\" data-widget_type=\"text-editor.default\">\n\t\t\t\t<div class=\"elementor-widget-container\">\n\t\t\t\t\t\t\t\t\t<p><span style=\"font-weight: 400;\">Con patas torneadas que aportan un toque de elegancia, esta estanter\u00eda presenta detalles fresados que enriquecen su atractivo r\u00fastico y acogedor. Cada detalle est\u00e1 dise\u00f1ado para realzar el ambiente, combinando el encanto tradicional con una atm\u00f3sfera c\u00e1lida y acogedora<\/span><\/p>\t\t\t\t\t\t\t\t<\/div>\n\t\t\t\t<\/div>\n\t\t\t\t\t<\/div>\n\t\t\t\t<\/div>\n\t\t<div class=\"elementor-element elementor-element-1aba50f e-flex e-con-boxed jltma-glass-effect-no e-con e-parent\" data-id=\"1aba50f\" data-element_type=\"container\" data-settings=\"{&quot;background_background&quot;:&quot;gradient&quot;}\">\n\t\t\t\t\t<div class=\"e-con-inner\">\n\t\t\t\t<div class=\"elementor-element elementor-element-1aadd72 elementor-align-justify jltma-glass-effect-no elementor-widget elementor-widget-button\" data-id=\"1aadd72\" data-element_type=\"widget\" data-widget_type=\"button.default\">\n\t\t\t\t<div class=\"elementor-widget-container\">\n\t\t\t\t\t\t\t\t\t<div class=\"elementor-button-wrapper\">\n\t\t\t\t\t<a class=\"elementor-button elementor-button-link elementor-size-sm\" href=\"https:\/\/ativamoveis.com.br\/Spanish\/contato\/\">\n\t\t\t\t\t\t<span class=\"elementor-button-content-wrapper\">\n\t\t\t\t\t\t\t\t\t<span class=\"elementor-button-text\">Cont\u00e1ctenos y conozca m\u00e1s sobre nuestros productos<\/span>\n\t\t\t\t\t<\/span>\n\t\t\t\t\t<\/a>\n\t\t\t\t<\/div>\n\t\t\t\t\t\t\t\t<\/div>\n\t\t\t\t<\/div>\n\t\t\t\t\t<\/div>\n\t\t\t\t<\/div>\n\t\t<div class=\"elementor-element elementor-element-76ed911 e-flex e-con-boxed jltma-glass-effect-no e-con e-parent\" data-id=\"76ed911\" data-element_type=\"container\" data-settings=\"{&quot;background_background&quot;:&quot;classic&quot;}\">\n\t\t\t\t\t<div class=\"e-con-inner\">\n\t\t\t\t<div class=\"elementor-element elementor-element-6a306ce jltma-glass-effect-no elementor-widget elementor-widget-button\" data-id=\"6a306ce\" data-element_type=\"widget\" data-widget_type=\"button.default\">\n\t\t\t\t<div class=\"elementor-widget-container\">\n\t\t\t\t\t\t\t\t\t<div class=\"elementor-button-wrapper\">\n\t\t\t\t\t<a class=\"elementor-button elementor-button-link elementor-size-sm\" href=\"https:\/\/ativamoveis.com.br\/Spanish\/estantes\/\">\n\t\t\t\t\t\t<span class=\"elementor-button-content-wrapper\">\n\t\t\t\t\t\t\t\t\t<span class=\"elementor-button-text\">Volver<\/span>\n\t\t\t\t\t<\/span>\n\t\t\t\t\t<\/a>\n\t\t\t\t<\/div>\n\t\t\t\t\t\t\t\t<\/div>\n\t\t\t\t<\/div>\n\t\t\t\t\t<\/div>\n\t\t\t\t<\/div>\n\t\t<div class=\"elementor-element elementor-element-c6b1776 e-flex e-con-boxed jltma-glass-effect-no e-con e-parent\" data-id=\"c6b1776\" data-element_type=\"container\" data-settings=\"{&quot;background_background&quot;:&quot;gradient&quot;}\">\n\t\t\t\t\t<div class=\"e-con-inner\">\n\t\t<div class=\"elementor-element elementor-element-948fef9 e-con-full e-transform e-flex jltma-glass-effect-no e-con e-child\" data-id=\"948fef9\" data-element_type=\"container\" data-settings=\"{&quot;_transform_translateX_effect&quot;:{&quot;unit&quot;:&quot;px&quot;,&quot;size&quot;:0,&quot;sizes&quot;:[]},&quot;_transform_translateX_effect_tablet&quot;:{&quot;unit&quot;:&quot;px&quot;,&quot;size&quot;:&quot;&quot;,&quot;sizes&quot;:[]},&quot;_transform_translateX_effect_mobile&quot;:{&quot;unit&quot;:&quot;px&quot;,&quot;size&quot;:&quot;&quot;,&quot;sizes&quot;:[]},&quot;_transform_translateY_effect&quot;:{&quot;unit&quot;:&quot;px&quot;,&quot;size&quot;:&quot;&quot;,&quot;sizes&quot;:[]},&quot;_transform_translateY_effect_tablet&quot;:{&quot;unit&quot;:&quot;px&quot;,&quot;size&quot;:&quot;&quot;,&quot;sizes&quot;:[]},&quot;_transform_translateY_effect_mobile&quot;:{&quot;unit&quot;:&quot;px&quot;,&quot;size&quot;:&quot;&quot;,&quot;sizes&quot;:[]}}\">\n\t\t\t\t<div class=\"elementor-element elementor-element-f2e1c54 jltma-glass-effect-no elementor-widget elementor-widget-image\" data-id=\"f2e1c54\" data-element_type=\"widget\" data-widget_type=\"image.default\">\n\t\t\t\t<div class=\"elementor-widget-container\">\n\t\t\t\t\t\t\t\t\t\t\t\t\t\t\t<img decoding=\"async\" width=\"802\" height=\"889\" src=\"https:\/\/ativamoveis.com.br\/Spanish\/wp-content\/uploads\/2024\/11\/foto1.png\" class=\"attachment-full size-full wp-image-1511\" alt=\"\" srcset=\"https:\/\/ativamoveis.com.br\/Spanish\/wp-content\/uploads\/2024\/11\/foto1.png 802w, https:\/\/ativamoveis.com.br\/Spanish\/wp-content\/uploads\/2024\/11\/foto1-271x300.png 271w, https:\/\/ativamoveis.com.br\/Spanish\/wp-content\/uploads\/2024\/11\/foto1-768x851.png 768w, https:\/\/ativamoveis.com.br\/Spanish\/wp-content\/uploads\/2024\/11\/foto1-600x665.png 600w\" sizes=\"(max-width: 802px) 100vw, 802px\" \/>\t\t\t\t\t\t\t\t\t\t\t\t\t\t\t<\/div>\n\t\t\t\t<\/div>\n\t\t\t\t<\/div>\n\t\t<div class=\"elementor-element elementor-element-e39a9d0 e-con-full e-transform e-flex jltma-glass-effect-no e-con e-child\" data-id=\"e39a9d0\" data-element_type=\"container\" data-settings=\"{&quot;_transform_translateX_effect&quot;:{&quot;unit&quot;:&quot;px&quot;,&quot;size&quot;:0,&quot;sizes&quot;:[]},&quot;_transform_translateX_effect_tablet&quot;:{&quot;unit&quot;:&quot;px&quot;,&quot;size&quot;:&quot;&quot;,&quot;sizes&quot;:[]},&quot;_transform_translateX_effect_mobile&quot;:{&quot;unit&quot;:&quot;px&quot;,&quot;size&quot;:&quot;&quot;,&quot;sizes&quot;:[]},&quot;_transform_translateY_effect&quot;:{&quot;unit&quot;:&quot;px&quot;,&quot;size&quot;:&quot;&quot;,&quot;sizes&quot;:[]},&quot;_transform_translateY_effect_tablet&quot;:{&quot;unit&quot;:&quot;px&quot;,&quot;size&quot;:&quot;&quot;,&quot;sizes&quot;:[]},&quot;_transform_translateY_effect_mobile&quot;:{&quot;unit&quot;:&quot;px&quot;,&quot;size&quot;:&quot;&quot;,&quot;sizes&quot;:[]}}\">\n\t\t\t\t<div class=\"elementor-element elementor-element-6900c0f jltma-glass-effect-no elementor-widget elementor-widget-text-editor\" data-id=\"6900c0f\" data-element_type=\"widget\" data-widget_type=\"text-editor.default\">\n\t\t\t\t<div class=\"elementor-widget-container\">\n\t\t\t\t\t\t\t\t\t<p>Convi\u00e9rtete en<br \/>representante de ventas<\/p>\t\t\t\t\t\t\t\t<\/div>\n\t\t\t\t<\/div>\n\t\t\t\t<div class=\"elementor-element elementor-element-2905ff4 jltma-glass-effect-no elementor-widget elementor-widget-text-editor\" data-id=\"2905ff4\" data-element_type=\"widget\" data-widget_type=\"text-editor.default\">\n\t\t\t\t<div class=\"elementor-widget-container\">\n\t\t\t\t\t\t\t\t\t<p>Representar nuestros productos significa entregar calidad y confianza a cada cliente. \u00a1\u00danase a nuestro equipo y forme parte de una red exitosa!<\/p>\t\t\t\t\t\t\t\t<\/div>\n\t\t\t\t<\/div>\n\t\t\t\t<div class=\"elementor-element elementor-element-617df84 jltma-glass-effect-no elementor-widget elementor-widget-button\" data-id=\"617df84\" data-element_type=\"widget\" data-widget_type=\"button.default\">\n\t\t\t\t<div class=\"elementor-widget-container\">\n\t\t\t\t\t\t\t\t\t<div class=\"elementor-button-wrapper\">\n\t\t\t\t\t<a class=\"elementor-button elementor-button-link elementor-size-sm\" href=\"https:\/\/ativamoveis.com.br\/Spanish\/contato\/\">\n\t\t\t\t\t\t<span class=\"elementor-button-content-wrapper\">\n\t\t\t\t\t\t\t\t\t<span class=\"elementor-button-text\">Cont\u00e1ctenos<\/span>\n\t\t\t\t\t<\/span>\n\t\t\t\t\t<\/a>\n\t\t\t\t<\/div>\n\t\t\t\t\t\t\t\t<\/div>\n\t\t\t\t<\/div>\n\t\t\t\t<\/div>\n\t\t\t\t\t<\/div>\n\t\t\t\t<\/div>\n\t\t\t\t<\/div>\n\t\t","protected":false},"excerpt":{"rendered":"<p>Estanter\u00edas y Libreros Estanter\u00eda Country con Cajones Use las flechas para navegar, o haga clic y arrastre las im\u00e1genes. Si lo prefiere, haga clic en el icono sobre la foto para ampliarla. Estanter\u00eda Country con Cajones Con patas torneadas que aportan un toque de elegancia, esta estanter\u00eda presenta detalles fresados que enriquecen su atractivo r\u00fastico [&hellip;]<\/p>\n","protected":false},"author":1,"featured_media":0,"parent":0,"menu_order":0,"comment_status":"closed","ping_status":"closed","template":"elementor_header_footer","meta":{"_joinchat":[],"footnotes":""},"class_list":["post-3688","page","type-page","status-publish","hentry"],"_links":{"self":[{"href":"https:\/\/ativamoveis.com.br\/Spanish\/wp-json\/wp\/v2\/pages\/3688","targetHints":{"allow":["GET"]}}],"collection":[{"href":"https:\/\/ativamoveis.com.br\/Spanish\/wp-json\/wp\/v2\/pages"}],"about":[{"href":"https:\/\/ativamoveis.com.br\/Spanish\/wp-json\/wp\/v2\/types\/page"}],"author":[{"embeddable":true,"href":"https:\/\/ativamoveis.com.br\/Spanish\/wp-json\/wp\/v2\/users\/1"}],"replies":[{"embeddable":true,"href":"https:\/\/ativamoveis.com.br\/Spanish\/wp-json\/wp\/v2\/comments?post=3688"}],"version-history":[{"count":69,"href":"https:\/\/ativamoveis.com.br\/Spanish\/wp-json\/wp\/v2\/pages\/3688\/revisions"}],"predecessor-version":[{"id":12034,"href":"https:\/\/ativamoveis.com.br\/Spanish\/wp-json\/wp\/v2\/pages\/3688\/revisions\/12034"}],"wp:attachment":[{"href":"https:\/\/ativamoveis.com.br\/Spanish\/wp-json\/wp\/v2\/media?parent=3688"}],"curies":[{"name":"wp","href":"https:\/\/api.w.org\/{rel}","templated":true}]}}