{"id":3743,"date":"2025-03-22T01:04:47","date_gmt":"2025-03-22T01:04:47","guid":{"rendered":"https:\/\/ativamoveis.com.br\/?page_id=3743"},"modified":"2026-05-13T14:10:10","modified_gmt":"2026-05-13T14:10:10","slug":"estantes","status":"publish","type":"page","link":"https:\/\/ativamoveis.com.br\/Spanish\/estantes\/","title":{"rendered":"Estanter\u00eda"},"content":{"rendered":"\t\t<div data-elementor-type=\"wp-page\" data-elementor-id=\"3743\" class=\"elementor elementor-3743\">\n\t\t\t\t<div class=\"elementor-element elementor-element-e51de10 e-flex e-con-boxed jltma-glass-effect-no e-con e-parent\" data-id=\"e51de10\" data-element_type=\"container\">\n\t\t\t\t\t<div class=\"e-con-inner\">\n\t\t\t\t<div class=\"elementor-element elementor-element-0b5f3ce jltma-glass-effect-no elementor-widget elementor-widget-spacer\" data-id=\"0b5f3ce\" data-element_type=\"widget\" data-widget_type=\"spacer.default\">\n\t\t\t\t<div class=\"elementor-widget-container\">\n\t\t\t\t\t\t\t<div class=\"elementor-spacer\">\n\t\t\t<div class=\"elementor-spacer-inner\"><\/div>\n\t\t<\/div>\n\t\t\t\t\t\t<\/div>\n\t\t\t\t<\/div>\n\t\t\t\t\t<\/div>\n\t\t\t\t<\/div>\n\t\t<div class=\"elementor-element elementor-element-bf3291e e-flex e-con-boxed jltma-glass-effect-no e-con e-parent\" data-id=\"bf3291e\" data-element_type=\"container\">\n\t\t\t\t\t<div class=\"e-con-inner\">\n\t\t\t\t<div class=\"elementor-element elementor-element-d22848a jltma-glass-effect-no elementor-widget elementor-widget-spacer\" data-id=\"d22848a\" data-element_type=\"widget\" data-widget_type=\"spacer.default\">\n\t\t\t\t<div class=\"elementor-widget-container\">\n\t\t\t\t\t\t\t<div class=\"elementor-spacer\">\n\t\t\t<div class=\"elementor-spacer-inner\"><\/div>\n\t\t<\/div>\n\t\t\t\t\t\t<\/div>\n\t\t\t\t<\/div>\n\t\t\t\t\t<\/div>\n\t\t\t\t<\/div>\n\t\t<div class=\"elementor-element elementor-element-c10a464 e-flex e-con-boxed jltma-glass-effect-no e-con e-parent\" data-id=\"c10a464\" data-element_type=\"container\" data-settings=\"{&quot;background_background&quot;:&quot;classic&quot;}\">\n\t\t\t\t\t<div class=\"e-con-inner\">\n\t\t<div class=\"elementor-element elementor-element-c5e395e e-con-full e-flex jltma-glass-effect-no e-con e-child\" data-id=\"c5e395e\" data-element_type=\"container\">\n\t\t\t\t<div class=\"elementor-element elementor-element-84dca90 jltma-glass-effect-no elementor-widget elementor-widget-text-editor\" data-id=\"84dca90\" data-element_type=\"widget\" data-widget_type=\"text-editor.default\">\n\t\t\t\t<div class=\"elementor-widget-container\">\n\t\t\t\t\t\t\t\t\t<p>PRODUCTOS<\/p>\t\t\t\t\t\t\t\t<\/div>\n\t\t\t\t<\/div>\n\t\t\t\t<\/div>\n\t\t\t\t\t<\/div>\n\t\t\t\t<\/div>\n\t\t<div class=\"elementor-element elementor-element-e3cfb51 e-flex e-con-boxed jltma-glass-effect-no e-con e-parent\" data-id=\"e3cfb51\" data-element_type=\"container\" data-settings=\"{&quot;background_background&quot;:&quot;classic&quot;}\">\n\t\t\t\t\t<div class=\"e-con-inner\">\n\t\t<div class=\"elementor-element elementor-element-d6ec1de e-con-full e-flex jltma-glass-effect-no e-con e-child\" data-id=\"d6ec1de\" data-element_type=\"container\">\n\t\t\t\t<div class=\"elementor-element elementor-element-23643c2 jltma-glass-effect-no elementor-widget elementor-widget-text-editor\" data-id=\"23643c2\" data-element_type=\"widget\" data-widget_type=\"text-editor.default\">\n\t\t\t\t<div class=\"elementor-widget-container\">\n\t\t\t\t\t\t\t\t\t<p>Estanter\u00edas y Libreros<\/p>\t\t\t\t\t\t\t\t<\/div>\n\t\t\t\t<\/div>\n\t\t\t\t<\/div>\n\t\t\t\t\t<\/div>\n\t\t\t\t<\/div>\n\t\t<div class=\"elementor-element elementor-element-37a3eb3 e-flex e-con-boxed jltma-glass-effect-no e-con e-parent\" data-id=\"37a3eb3\" data-element_type=\"container\" data-settings=\"{&quot;background_background&quot;:&quot;classic&quot;}\">\n\t\t\t\t\t<div class=\"e-con-inner\">\n\t\t<div class=\"elementor-element elementor-element-b23c737 e-con-full e-flex jltma-glass-effect-no e-con e-child\" data-id=\"b23c737\" data-element_type=\"container\">\n\t\t\t\t<div class=\"elementor-element elementor-element-18c5c0f jltma-glass-effect-no elementor-widget elementor-widget-image\" data-id=\"18c5c0f\" data-element_type=\"widget\" data-widget_type=\"image.default\">\n\t\t\t\t<div class=\"elementor-widget-container\">\n\t\t\t\t\t\t\t\t\t\t\t\t\t\t\t\t<a href=\"https:\/\/ativamoveis.com.br\/Spanish\/estantecountrysemgavetas\/\">\n\t\t\t\t\t\t\t<img fetchpriority=\"high\" decoding=\"async\" width=\"774\" height=\"473\" src=\"https:\/\/ativamoveis.com.br\/Spanish\/wp-content\/uploads\/2025\/04\/m-Cod-5100-estante-country.png\" class=\"attachment-large size-large wp-image-5005\" alt=\"\" srcset=\"https:\/\/ativamoveis.com.br\/Spanish\/wp-content\/uploads\/2025\/04\/m-Cod-5100-estante-country.png 774w, https:\/\/ativamoveis.com.br\/Spanish\/wp-content\/uploads\/2025\/04\/m-Cod-5100-estante-country-300x183.png 300w, https:\/\/ativamoveis.com.br\/Spanish\/wp-content\/uploads\/2025\/04\/m-Cod-5100-estante-country-768x469.png 768w, https:\/\/ativamoveis.com.br\/Spanish\/wp-content\/uploads\/2025\/04\/m-Cod-5100-estante-country-600x367.png 600w\" sizes=\"(max-width: 774px) 100vw, 774px\" \/>\t\t\t\t\t\t\t\t<\/a>\n\t\t\t\t\t\t\t\t\t\t\t\t\t\t\t<\/div>\n\t\t\t\t<\/div>\n\t\t\t\t<div class=\"elementor-element elementor-element-ab0a8b6 elementor-align-justify jltma-glass-effect-no elementor-widget elementor-widget-button\" data-id=\"ab0a8b6\" data-element_type=\"widget\" data-widget_type=\"button.default\">\n\t\t\t\t<div class=\"elementor-widget-container\">\n\t\t\t\t\t\t\t\t\t<div class=\"elementor-button-wrapper\">\n\t\t\t\t\t<a class=\"elementor-button elementor-button-link elementor-size-sm elementor-animation-float\" href=\"https:\/\/ativamoveis.com.br\/Spanish\/poltronateste\/\">\n\t\t\t\t\t\t<span class=\"elementor-button-content-wrapper\">\n\t\t\t\t\t\t\t\t\t<span class=\"elementor-button-text\">Estanter\u00eda Country<\/span>\n\t\t\t\t\t<\/span>\n\t\t\t\t\t<\/a>\n\t\t\t\t<\/div>\n\t\t\t\t\t\t\t\t<\/div>\n\t\t\t\t<\/div>\n\t\t\t\t<\/div>\n\t\t<div class=\"elementor-element elementor-element-c209c8a e-con-full e-flex jltma-glass-effect-no e-con e-child\" data-id=\"c209c8a\" data-element_type=\"container\">\n\t\t\t\t<div class=\"elementor-element elementor-element-d2f7d5a jltma-glass-effect-no elementor-widget elementor-widget-image\" data-id=\"d2f7d5a\" data-element_type=\"widget\" data-widget_type=\"image.default\">\n\t\t\t\t<div class=\"elementor-widget-container\">\n\t\t\t\t\t\t\t\t\t\t\t\t\t\t\t\t<a href=\"https:\/\/ativamoveis.com.br\/Spanish\/estantecountrycomgavetas-2\/\">\n\t\t\t\t\t\t\t<img decoding=\"async\" width=\"774\" height=\"473\" src=\"https:\/\/ativamoveis.com.br\/Spanish\/wp-content\/uploads\/2025\/04\/m-Cod-5103-estante-country.png\" class=\"attachment-large size-large wp-image-5000\" alt=\"\" srcset=\"https:\/\/ativamoveis.com.br\/Spanish\/wp-content\/uploads\/2025\/04\/m-Cod-5103-estante-country.png 774w, https:\/\/ativamoveis.com.br\/Spanish\/wp-content\/uploads\/2025\/04\/m-Cod-5103-estante-country-300x183.png 300w, https:\/\/ativamoveis.com.br\/Spanish\/wp-content\/uploads\/2025\/04\/m-Cod-5103-estante-country-768x469.png 768w, https:\/\/ativamoveis.com.br\/Spanish\/wp-content\/uploads\/2025\/04\/m-Cod-5103-estante-country-600x367.png 600w\" sizes=\"(max-width: 774px) 100vw, 774px\" \/>\t\t\t\t\t\t\t\t<\/a>\n\t\t\t\t\t\t\t\t\t\t\t\t\t\t\t<\/div>\n\t\t\t\t<\/div>\n\t\t\t\t<div class=\"elementor-element elementor-element-e977fcc elementor-align-justify jltma-glass-effect-no elementor-widget elementor-widget-button\" data-id=\"e977fcc\" data-element_type=\"widget\" data-widget_type=\"button.default\">\n\t\t\t\t<div class=\"elementor-widget-container\">\n\t\t\t\t\t\t\t\t\t<div class=\"elementor-button-wrapper\">\n\t\t\t\t\t<a class=\"elementor-button elementor-button-link elementor-size-sm elementor-animation-float\" href=\"https:\/\/ativamoveis.com.br\/Spanish\/estantecountrycomgavetas-2\/\">\n\t\t\t\t\t\t<span class=\"elementor-button-content-wrapper\">\n\t\t\t\t\t\t\t\t\t<span class=\"elementor-button-text\">Estanter\u00eda Country<\/span>\n\t\t\t\t\t<\/span>\n\t\t\t\t\t<\/a>\n\t\t\t\t<\/div>\n\t\t\t\t\t\t\t\t<\/div>\n\t\t\t\t<\/div>\n\t\t\t\t<\/div>\n\t\t<div class=\"elementor-element elementor-element-b4e1175 e-con-full e-flex jltma-glass-effect-no e-con e-child\" data-id=\"b4e1175\" data-element_type=\"container\">\n\t\t\t\t<div class=\"elementor-element elementor-element-4a89cd1 jltma-glass-effect-no elementor-widget elementor-widget-image\" data-id=\"4a89cd1\" data-element_type=\"widget\" data-widget_type=\"image.default\">\n\t\t\t\t<div class=\"elementor-widget-container\">\n\t\t\t\t\t\t\t\t\t\t\t\t\t\t\t\t<a href=\"https:\/\/ativamoveis.com.br\/Spanish\/estantecountrycomgavetas\/\">\n\t\t\t\t\t\t\t<img decoding=\"async\" width=\"774\" height=\"473\" src=\"https:\/\/ativamoveis.com.br\/Spanish\/wp-content\/uploads\/2025\/04\/m-Cod-5106-estante-country.png\" class=\"attachment-large size-large wp-image-5001\" alt=\"\" srcset=\"https:\/\/ativamoveis.com.br\/Spanish\/wp-content\/uploads\/2025\/04\/m-Cod-5106-estante-country.png 774w, https:\/\/ativamoveis.com.br\/Spanish\/wp-content\/uploads\/2025\/04\/m-Cod-5106-estante-country-300x183.png 300w, https:\/\/ativamoveis.com.br\/Spanish\/wp-content\/uploads\/2025\/04\/m-Cod-5106-estante-country-768x469.png 768w, https:\/\/ativamoveis.com.br\/Spanish\/wp-content\/uploads\/2025\/04\/m-Cod-5106-estante-country-600x367.png 600w\" sizes=\"(max-width: 774px) 100vw, 774px\" \/>\t\t\t\t\t\t\t\t<\/a>\n\t\t\t\t\t\t\t\t\t\t\t\t\t\t\t<\/div>\n\t\t\t\t<\/div>\n\t\t\t\t<div class=\"elementor-element elementor-element-efa665f elementor-align-justify jltma-glass-effect-no elementor-widget elementor-widget-button\" data-id=\"efa665f\" data-element_type=\"widget\" data-widget_type=\"button.default\">\n\t\t\t\t<div class=\"elementor-widget-container\">\n\t\t\t\t\t\t\t\t\t<div class=\"elementor-button-wrapper\">\n\t\t\t\t\t<a class=\"elementor-button elementor-button-link elementor-size-sm elementor-animation-float\" href=\"https:\/\/ativamoveis.com.br\/Spanish\/estantecountrycomgavetas\/\">\n\t\t\t\t\t\t<span class=\"elementor-button-content-wrapper\">\n\t\t\t\t\t\t\t\t\t<span class=\"elementor-button-text\">Estanter\u00eda Country<\/span>\n\t\t\t\t\t<\/span>\n\t\t\t\t\t<\/a>\n\t\t\t\t<\/div>\n\t\t\t\t\t\t\t\t<\/div>\n\t\t\t\t<\/div>\n\t\t\t\t<\/div>\n\t\t\t\t\t<\/div>\n\t\t\t\t<\/div>\n\t\t<div class=\"elementor-element elementor-element-d0335fa e-flex e-con-boxed jltma-glass-effect-no e-con e-parent\" data-id=\"d0335fa\" data-element_type=\"container\" data-settings=\"{&quot;background_background&quot;:&quot;classic&quot;}\">\n\t\t\t\t\t<div class=\"e-con-inner\">\n\t\t<div class=\"elementor-element elementor-element-2df4539 e-con-full e-flex jltma-glass-effect-no e-con e-child\" data-id=\"2df4539\" data-element_type=\"container\">\n\t\t\t\t<div class=\"elementor-element elementor-element-8f87b8e jltma-glass-effect-no elementor-widget elementor-widget-image\" data-id=\"8f87b8e\" data-element_type=\"widget\" data-widget_type=\"image.default\">\n\t\t\t\t<div class=\"elementor-widget-container\">\n\t\t\t\t\t\t\t\t\t\t\t\t\t\t\t\t<a href=\"https:\/\/ativamoveis.com.br\/Spanish\/estantecountrycomgavetas-2\/\">\n\t\t\t\t\t\t\t<img loading=\"lazy\" decoding=\"async\" width=\"774\" height=\"473\" src=\"https:\/\/ativamoveis.com.br\/Spanish\/wp-content\/uploads\/2025\/04\/m-Cod-5129-estante-country.png\" class=\"attachment-large size-large wp-image-5002\" alt=\"\" srcset=\"https:\/\/ativamoveis.com.br\/Spanish\/wp-content\/uploads\/2025\/04\/m-Cod-5129-estante-country.png 774w, https:\/\/ativamoveis.com.br\/Spanish\/wp-content\/uploads\/2025\/04\/m-Cod-5129-estante-country-300x183.png 300w, https:\/\/ativamoveis.com.br\/Spanish\/wp-content\/uploads\/2025\/04\/m-Cod-5129-estante-country-768x469.png 768w, https:\/\/ativamoveis.com.br\/Spanish\/wp-content\/uploads\/2025\/04\/m-Cod-5129-estante-country-600x367.png 600w\" sizes=\"(max-width: 774px) 100vw, 774px\" \/>\t\t\t\t\t\t\t\t<\/a>\n\t\t\t\t\t\t\t\t\t\t\t\t\t\t\t<\/div>\n\t\t\t\t<\/div>\n\t\t\t\t<div class=\"elementor-element elementor-element-a967be1 elementor-align-justify jltma-glass-effect-no elementor-widget elementor-widget-button\" data-id=\"a967be1\" data-element_type=\"widget\" data-widget_type=\"button.default\">\n\t\t\t\t<div class=\"elementor-widget-container\">\n\t\t\t\t\t\t\t\t\t<div class=\"elementor-button-wrapper\">\n\t\t\t\t\t<a class=\"elementor-button elementor-button-link elementor-size-sm elementor-animation-float\" href=\"https:\/\/ativamoveis.com.br\/Spanish\/estantecountrycomgavetas-2\/\">\n\t\t\t\t\t\t<span class=\"elementor-button-content-wrapper\">\n\t\t\t\t\t\t\t\t\t<span class=\"elementor-button-text\">Estanter\u00eda Country<\/span>\n\t\t\t\t\t<\/span>\n\t\t\t\t\t<\/a>\n\t\t\t\t<\/div>\n\t\t\t\t\t\t\t\t<\/div>\n\t\t\t\t<\/div>\n\t\t\t\t<\/div>\n\t\t<div class=\"elementor-element elementor-element-2b1d861 e-con-full e-flex jltma-glass-effect-no e-con e-child\" data-id=\"2b1d861\" data-element_type=\"container\">\n\t\t\t\t<div class=\"elementor-element elementor-element-db5fd0b jltma-glass-effect-no elementor-widget elementor-widget-image\" data-id=\"db5fd0b\" data-element_type=\"widget\" data-widget_type=\"image.default\">\n\t\t\t\t<div class=\"elementor-widget-container\">\n\t\t\t\t\t\t\t\t\t\t\t\t\t\t\t\t<a href=\"https:\/\/ativamoveis.com.br\/Spanish\/estantecountrysemgavetas-2\/\">\n\t\t\t\t\t\t\t<img loading=\"lazy\" decoding=\"async\" width=\"774\" height=\"473\" src=\"https:\/\/ativamoveis.com.br\/Spanish\/wp-content\/uploads\/2025\/04\/m-Cod-5131-estante-country.png\" class=\"attachment-large size-large wp-image-5003\" alt=\"\" srcset=\"https:\/\/ativamoveis.com.br\/Spanish\/wp-content\/uploads\/2025\/04\/m-Cod-5131-estante-country.png 774w, https:\/\/ativamoveis.com.br\/Spanish\/wp-content\/uploads\/2025\/04\/m-Cod-5131-estante-country-300x183.png 300w, https:\/\/ativamoveis.com.br\/Spanish\/wp-content\/uploads\/2025\/04\/m-Cod-5131-estante-country-768x469.png 768w, https:\/\/ativamoveis.com.br\/Spanish\/wp-content\/uploads\/2025\/04\/m-Cod-5131-estante-country-600x367.png 600w\" sizes=\"(max-width: 774px) 100vw, 774px\" \/>\t\t\t\t\t\t\t\t<\/a>\n\t\t\t\t\t\t\t\t\t\t\t\t\t\t\t<\/div>\n\t\t\t\t<\/div>\n\t\t\t\t<div class=\"elementor-element elementor-element-77f4010 elementor-align-justify jltma-glass-effect-no elementor-widget elementor-widget-button\" data-id=\"77f4010\" data-element_type=\"widget\" data-widget_type=\"button.default\">\n\t\t\t\t<div class=\"elementor-widget-container\">\n\t\t\t\t\t\t\t\t\t<div class=\"elementor-button-wrapper\">\n\t\t\t\t\t<a class=\"elementor-button elementor-button-link elementor-size-sm elementor-animation-float\" href=\"https:\/\/ativamoveis.com.br\/Spanish\/estantecountrysemgavetas-2\/\">\n\t\t\t\t\t\t<span class=\"elementor-button-content-wrapper\">\n\t\t\t\t\t\t\t\t\t<span class=\"elementor-button-text\">Estanter\u00eda Country<\/span>\n\t\t\t\t\t<\/span>\n\t\t\t\t\t<\/a>\n\t\t\t\t<\/div>\n\t\t\t\t\t\t\t\t<\/div>\n\t\t\t\t<\/div>\n\t\t\t\t<\/div>\n\t\t<div class=\"elementor-element elementor-element-f950fca e-con-full e-flex jltma-glass-effect-no e-con e-child\" data-id=\"f950fca\" data-element_type=\"container\">\n\t\t\t\t<div class=\"elementor-element elementor-element-45d5839 jltma-glass-effect-no elementor-widget elementor-widget-image\" data-id=\"45d5839\" data-element_type=\"widget\" data-widget_type=\"image.default\">\n\t\t\t\t<div class=\"elementor-widget-container\">\n\t\t\t\t\t\t\t\t\t\t\t\t\t\t\t\t<a href=\"https:\/\/ativamoveis.com.br\/Spanish\/estantecountrysemgavetas-4\/\">\n\t\t\t\t\t\t\t<img loading=\"lazy\" decoding=\"async\" width=\"774\" height=\"473\" src=\"https:\/\/ativamoveis.com.br\/Spanish\/wp-content\/uploads\/2025\/04\/m-Cod-5197-estante-country.png\" class=\"attachment-large size-large wp-image-5004\" alt=\"\" srcset=\"https:\/\/ativamoveis.com.br\/Spanish\/wp-content\/uploads\/2025\/04\/m-Cod-5197-estante-country.png 774w, https:\/\/ativamoveis.com.br\/Spanish\/wp-content\/uploads\/2025\/04\/m-Cod-5197-estante-country-300x183.png 300w, https:\/\/ativamoveis.com.br\/Spanish\/wp-content\/uploads\/2025\/04\/m-Cod-5197-estante-country-768x469.png 768w, https:\/\/ativamoveis.com.br\/Spanish\/wp-content\/uploads\/2025\/04\/m-Cod-5197-estante-country-600x367.png 600w\" sizes=\"(max-width: 774px) 100vw, 774px\" \/>\t\t\t\t\t\t\t\t<\/a>\n\t\t\t\t\t\t\t\t\t\t\t\t\t\t\t<\/div>\n\t\t\t\t<\/div>\n\t\t\t\t<div class=\"elementor-element elementor-element-ecf688a elementor-align-justify jltma-glass-effect-no elementor-widget elementor-widget-button\" data-id=\"ecf688a\" data-element_type=\"widget\" data-widget_type=\"button.default\">\n\t\t\t\t<div class=\"elementor-widget-container\">\n\t\t\t\t\t\t\t\t\t<div class=\"elementor-button-wrapper\">\n\t\t\t\t\t<a class=\"elementor-button elementor-button-link elementor-size-sm elementor-animation-float\" href=\"https:\/\/ativamoveis.com.br\/Spanish\/estantecountrysemgavetas-4\/\">\n\t\t\t\t\t\t<span class=\"elementor-button-content-wrapper\">\n\t\t\t\t\t\t\t\t\t<span class=\"elementor-button-text\">Estanter\u00eda Country<\/span>\n\t\t\t\t\t<\/span>\n\t\t\t\t\t<\/a>\n\t\t\t\t<\/div>\n\t\t\t\t\t\t\t\t<\/div>\n\t\t\t\t<\/div>\n\t\t\t\t<\/div>\n\t\t\t\t\t<\/div>\n\t\t\t\t<\/div>\n\t\t<div class=\"elementor-element elementor-element-76ed911 e-flex e-con-boxed jltma-glass-effect-no e-con e-parent\" data-id=\"76ed911\" data-element_type=\"container\" data-settings=\"{&quot;background_background&quot;:&quot;classic&quot;}\">\n\t\t\t\t\t<div class=\"e-con-inner\">\n\t\t\t\t<div class=\"elementor-element elementor-element-6a306ce jltma-glass-effect-no elementor-widget elementor-widget-button\" data-id=\"6a306ce\" data-element_type=\"widget\" data-widget_type=\"button.default\">\n\t\t\t\t<div class=\"elementor-widget-container\">\n\t\t\t\t\t\t\t\t\t<div class=\"elementor-button-wrapper\">\n\t\t\t\t\t<a class=\"elementor-button elementor-button-link elementor-size-sm\" href=\"https:\/\/ativamoveis.com.br\/Spanish\/nossosprodutos\/\">\n\t\t\t\t\t\t<span class=\"elementor-button-content-wrapper\">\n\t\t\t\t\t\t\t\t\t<span class=\"elementor-button-text\">Volver<\/span>\n\t\t\t\t\t<\/span>\n\t\t\t\t\t<\/a>\n\t\t\t\t<\/div>\n\t\t\t\t\t\t\t\t<\/div>\n\t\t\t\t<\/div>\n\t\t\t\t\t<\/div>\n\t\t\t\t<\/div>\n\t\t<div class=\"elementor-element elementor-element-c6b1776 e-flex e-con-boxed jltma-glass-effect-no e-con e-parent\" data-id=\"c6b1776\" data-element_type=\"container\" data-settings=\"{&quot;background_background&quot;:&quot;gradient&quot;}\">\n\t\t\t\t\t<div class=\"e-con-inner\">\n\t\t<div class=\"elementor-element elementor-element-948fef9 e-con-full e-transform e-flex jltma-glass-effect-no e-con e-child\" data-id=\"948fef9\" data-element_type=\"container\" data-settings=\"{&quot;_transform_translateX_effect&quot;:{&quot;unit&quot;:&quot;px&quot;,&quot;size&quot;:0,&quot;sizes&quot;:[]},&quot;_transform_translateX_effect_tablet&quot;:{&quot;unit&quot;:&quot;px&quot;,&quot;size&quot;:&quot;&quot;,&quot;sizes&quot;:[]},&quot;_transform_translateX_effect_mobile&quot;:{&quot;unit&quot;:&quot;px&quot;,&quot;size&quot;:&quot;&quot;,&quot;sizes&quot;:[]},&quot;_transform_translateY_effect&quot;:{&quot;unit&quot;:&quot;px&quot;,&quot;size&quot;:&quot;&quot;,&quot;sizes&quot;:[]},&quot;_transform_translateY_effect_tablet&quot;:{&quot;unit&quot;:&quot;px&quot;,&quot;size&quot;:&quot;&quot;,&quot;sizes&quot;:[]},&quot;_transform_translateY_effect_mobile&quot;:{&quot;unit&quot;:&quot;px&quot;,&quot;size&quot;:&quot;&quot;,&quot;sizes&quot;:[]}}\">\n\t\t\t\t<div class=\"elementor-element elementor-element-f2e1c54 jltma-glass-effect-no elementor-widget elementor-widget-image\" data-id=\"f2e1c54\" data-element_type=\"widget\" data-widget_type=\"image.default\">\n\t\t\t\t<div class=\"elementor-widget-container\">\n\t\t\t\t\t\t\t\t\t\t\t\t\t\t\t<img loading=\"lazy\" decoding=\"async\" width=\"802\" height=\"889\" src=\"https:\/\/ativamoveis.com.br\/Spanish\/wp-content\/uploads\/2024\/11\/foto1.png\" class=\"attachment-full size-full wp-image-1511\" alt=\"\" srcset=\"https:\/\/ativamoveis.com.br\/Spanish\/wp-content\/uploads\/2024\/11\/foto1.png 802w, https:\/\/ativamoveis.com.br\/Spanish\/wp-content\/uploads\/2024\/11\/foto1-271x300.png 271w, https:\/\/ativamoveis.com.br\/Spanish\/wp-content\/uploads\/2024\/11\/foto1-768x851.png 768w, https:\/\/ativamoveis.com.br\/Spanish\/wp-content\/uploads\/2024\/11\/foto1-600x665.png 600w\" sizes=\"(max-width: 802px) 100vw, 802px\" \/>\t\t\t\t\t\t\t\t\t\t\t\t\t\t\t<\/div>\n\t\t\t\t<\/div>\n\t\t\t\t<\/div>\n\t\t<div class=\"elementor-element elementor-element-e39a9d0 e-con-full e-transform e-flex jltma-glass-effect-no e-con e-child\" data-id=\"e39a9d0\" data-element_type=\"container\" data-settings=\"{&quot;_transform_translateX_effect&quot;:{&quot;unit&quot;:&quot;px&quot;,&quot;size&quot;:0,&quot;sizes&quot;:[]},&quot;_transform_translateX_effect_tablet&quot;:{&quot;unit&quot;:&quot;px&quot;,&quot;size&quot;:&quot;&quot;,&quot;sizes&quot;:[]},&quot;_transform_translateX_effect_mobile&quot;:{&quot;unit&quot;:&quot;px&quot;,&quot;size&quot;:&quot;&quot;,&quot;sizes&quot;:[]},&quot;_transform_translateY_effect&quot;:{&quot;unit&quot;:&quot;px&quot;,&quot;size&quot;:&quot;&quot;,&quot;sizes&quot;:[]},&quot;_transform_translateY_effect_tablet&quot;:{&quot;unit&quot;:&quot;px&quot;,&quot;size&quot;:&quot;&quot;,&quot;sizes&quot;:[]},&quot;_transform_translateY_effect_mobile&quot;:{&quot;unit&quot;:&quot;px&quot;,&quot;size&quot;:&quot;&quot;,&quot;sizes&quot;:[]}}\">\n\t\t\t\t<div class=\"elementor-element elementor-element-6900c0f jltma-glass-effect-no elementor-widget elementor-widget-text-editor\" data-id=\"6900c0f\" data-element_type=\"widget\" data-widget_type=\"text-editor.default\">\n\t\t\t\t<div class=\"elementor-widget-container\">\n\t\t\t\t\t\t\t\t\t<p>Convi\u00e9rtete en<br \/>representante de ventas<\/p>\t\t\t\t\t\t\t\t<\/div>\n\t\t\t\t<\/div>\n\t\t\t\t<div class=\"elementor-element elementor-element-87ce3b5 jltma-glass-effect-no elementor-widget elementor-widget-text-editor\" data-id=\"87ce3b5\" data-element_type=\"widget\" data-widget_type=\"text-editor.default\">\n\t\t\t\t<div class=\"elementor-widget-container\">\n\t\t\t\t\t\t\t\t\t<p>Representar nuestros productos significa entregar calidad y confianza a cada cliente. \u00a1\u00danase a nuestro equipo y forme parte de una red exitosa!<\/p>\t\t\t\t\t\t\t\t<\/div>\n\t\t\t\t<\/div>\n\t\t\t\t<div class=\"elementor-element elementor-element-617df84 jltma-glass-effect-no elementor-widget elementor-widget-button\" data-id=\"617df84\" data-element_type=\"widget\" data-widget_type=\"button.default\">\n\t\t\t\t<div class=\"elementor-widget-container\">\n\t\t\t\t\t\t\t\t\t<div class=\"elementor-button-wrapper\">\n\t\t\t\t\t<a class=\"elementor-button elementor-button-link elementor-size-sm\" href=\"https:\/\/ativamoveis.com.br\/Spanish\/contato\/\">\n\t\t\t\t\t\t<span class=\"elementor-button-content-wrapper\">\n\t\t\t\t\t\t\t\t\t<span class=\"elementor-button-text\">Cont\u00e1ctenos<\/span>\n\t\t\t\t\t<\/span>\n\t\t\t\t\t<\/a>\n\t\t\t\t<\/div>\n\t\t\t\t\t\t\t\t<\/div>\n\t\t\t\t<\/div>\n\t\t\t\t<\/div>\n\t\t\t\t\t<\/div>\n\t\t\t\t<\/div>\n\t\t\t\t<\/div>\n\t\t","protected":false},"excerpt":{"rendered":"<p>PRODUCTOS Estanter\u00edas y Libreros Estanter\u00eda Country Estanter\u00eda Country Estanter\u00eda Country Estanter\u00eda Country Estanter\u00eda Country Estanter\u00eda Country Volver Convi\u00e9rtete enrepresentante de ventas Representar nuestros productos significa entregar calidad y confianza a cada cliente. \u00a1\u00danase a nuestro equipo y forme parte de una red exitosa! Cont\u00e1ctenos<\/p>\n","protected":false},"author":1,"featured_media":0,"parent":0,"menu_order":0,"comment_status":"closed","ping_status":"closed","template":"elementor_header_footer","meta":{"_joinchat":[],"footnotes":""},"class_list":["post-3743","page","type-page","status-publish","hentry"],"_links":{"self":[{"href":"https:\/\/ativamoveis.com.br\/Spanish\/wp-json\/wp\/v2\/pages\/3743","targetHints":{"allow":["GET"]}}],"collection":[{"href":"https:\/\/ativamoveis.com.br\/Spanish\/wp-json\/wp\/v2\/pages"}],"about":[{"href":"https:\/\/ativamoveis.com.br\/Spanish\/wp-json\/wp\/v2\/types\/page"}],"author":[{"embeddable":true,"href":"https:\/\/ativamoveis.com.br\/Spanish\/wp-json\/wp\/v2\/users\/1"}],"replies":[{"embeddable":true,"href":"https:\/\/ativamoveis.com.br\/Spanish\/wp-json\/wp\/v2\/comments?post=3743"}],"version-history":[{"count":25,"href":"https:\/\/ativamoveis.com.br\/Spanish\/wp-json\/wp\/v2\/pages\/3743\/revisions"}],"predecessor-version":[{"id":11851,"href":"https:\/\/ativamoveis.com.br\/Spanish\/wp-json\/wp\/v2\/pages\/3743\/revisions\/11851"}],"wp:attachment":[{"href":"https:\/\/ativamoveis.com.br\/Spanish\/wp-json\/wp\/v2\/media?parent=3743"}],"curies":[{"name":"wp","href":"https:\/\/api.w.org\/{rel}","templated":true}]}}