{"id":6671,"date":"2025-04-27T22:48:31","date_gmt":"2025-04-27T22:48:31","guid":{"rendered":"https:\/\/ativamoveis.com.br\/?page_id=6671"},"modified":"2026-05-13T11:19:00","modified_gmt":"2026-05-13T11:19:00","slug":"mesadecentroomega","status":"publish","type":"page","link":"https:\/\/ativamoveis.com.br\/Spanish\/mesadecentroomega\/","title":{"rendered":"Mesa de centro omega"},"content":{"rendered":"\t\t<div data-elementor-type=\"wp-page\" data-elementor-id=\"6671\" class=\"elementor elementor-6671\">\n\t\t\t\t<div class=\"elementor-element elementor-element-e51de10 e-flex e-con-boxed jltma-glass-effect-no e-con e-parent\" data-id=\"e51de10\" data-element_type=\"container\">\n\t\t\t\t\t<div class=\"e-con-inner\">\n\t\t\t\t<div class=\"elementor-element elementor-element-0b5f3ce jltma-glass-effect-no elementor-widget elementor-widget-spacer\" data-id=\"0b5f3ce\" data-element_type=\"widget\" data-widget_type=\"spacer.default\">\n\t\t\t\t<div class=\"elementor-widget-container\">\n\t\t\t\t\t\t\t<div class=\"elementor-spacer\">\n\t\t\t<div class=\"elementor-spacer-inner\"><\/div>\n\t\t<\/div>\n\t\t\t\t\t\t<\/div>\n\t\t\t\t<\/div>\n\t\t\t\t\t<\/div>\n\t\t\t\t<\/div>\n\t\t<div class=\"elementor-element elementor-element-bf3291e e-flex e-con-boxed jltma-glass-effect-no e-con e-parent\" data-id=\"bf3291e\" data-element_type=\"container\">\n\t\t\t\t\t<div class=\"e-con-inner\">\n\t\t\t\t<div class=\"elementor-element elementor-element-d22848a jltma-glass-effect-no elementor-widget elementor-widget-spacer\" data-id=\"d22848a\" data-element_type=\"widget\" data-widget_type=\"spacer.default\">\n\t\t\t\t<div class=\"elementor-widget-container\">\n\t\t\t\t\t\t\t<div class=\"elementor-spacer\">\n\t\t\t<div class=\"elementor-spacer-inner\"><\/div>\n\t\t<\/div>\n\t\t\t\t\t\t<\/div>\n\t\t\t\t<\/div>\n\t\t\t\t\t<\/div>\n\t\t\t\t<\/div>\n\t\t<div class=\"elementor-element elementor-element-2132fb9 e-flex e-con-boxed jltma-glass-effect-no e-con e-parent\" data-id=\"2132fb9\" data-element_type=\"container\" data-settings=\"{&quot;background_background&quot;:&quot;classic&quot;}\">\n\t\t\t\t\t<div class=\"e-con-inner\">\n\t\t<div class=\"elementor-element elementor-element-5168f53 e-con-full e-flex jltma-glass-effect-no e-con e-child\" data-id=\"5168f53\" data-element_type=\"container\">\n\t\t\t\t<div class=\"elementor-element elementor-element-5410373 jltma-glass-effect-no elementor-widget elementor-widget-text-editor\" data-id=\"5410373\" data-element_type=\"widget\" data-widget_type=\"text-editor.default\">\n\t\t\t\t<div class=\"elementor-widget-container\">\n\t\t\t\t\t\t\t\t\t<p>Aparadores, Maceteros, Carros Bar, Mesas de Centro y Laterales<\/p>\t\t\t\t\t\t\t\t<\/div>\n\t\t\t\t<\/div>\n\t\t\t\t<\/div>\n\t\t\t\t\t<\/div>\n\t\t\t\t<\/div>\n\t\t<div class=\"elementor-element elementor-element-e3cfb51 e-flex e-con-boxed jltma-glass-effect-no e-con e-parent\" data-id=\"e3cfb51\" data-element_type=\"container\" data-settings=\"{&quot;background_background&quot;:&quot;classic&quot;}\">\n\t\t\t\t\t<div class=\"e-con-inner\">\n\t\t<div class=\"elementor-element elementor-element-d6ec1de e-con-full e-flex jltma-glass-effect-no e-con e-child\" data-id=\"d6ec1de\" data-element_type=\"container\">\n\t\t\t\t<div class=\"elementor-element elementor-element-23643c2 jltma-glass-effect-no elementor-widget elementor-widget-text-editor\" data-id=\"23643c2\" data-element_type=\"widget\" data-widget_type=\"text-editor.default\">\n\t\t\t\t<div class=\"elementor-widget-container\">\n\t\t\t\t\t\t\t\t\t<p>Mesa de Centro \u00d4mega<\/p>\t\t\t\t\t\t\t\t<\/div>\n\t\t\t\t<\/div>\n\t\t\t\t<\/div>\n\t\t\t\t\t<\/div>\n\t\t\t\t<\/div>\n\t\t<div class=\"elementor-element elementor-element-4b8e295 e-flex e-con-boxed jltma-glass-effect-no e-con e-parent\" data-id=\"4b8e295\" data-element_type=\"container\" data-settings=\"{&quot;background_background&quot;:&quot;classic&quot;}\">\n\t\t\t\t\t<div class=\"e-con-inner\">\n\t\t\t\t<div class=\"elementor-element elementor-element-c33c75d jltma-navigation-type-arrows jltma-carousel-style-carousel jltma-glass-effect-no elementor-widget elementor-widget-ma-image-carousel\" data-id=\"c33c75d\" data-element_type=\"widget\" data-settings=\"{&quot;item_gap&quot;:{&quot;unit&quot;:&quot;px&quot;,&quot;size&quot;:20,&quot;sizes&quot;:[]},&quot;enable_lightbox&quot;:&quot;yes&quot;,&quot;autoheight&quot;:&quot;yes&quot;,&quot;item_gap_tablet&quot;:{&quot;unit&quot;:&quot;px&quot;,&quot;size&quot;:35,&quot;sizes&quot;:[]},&quot;item_gap_mobile&quot;:{&quot;unit&quot;:&quot;px&quot;,&quot;size&quot;:20,&quot;sizes&quot;:[]}}\" data-widget_type=\"ma-image-carousel.default\">\n\t\t\t\t<div class=\"elementor-widget-container\">\n\t\t\t\t\t\t\t<div id=\"jltma-image-carousel-c33c75d\" class=\"jltma-arrows-align-center jltma-image-carousel-slider\" data-settings=\"{&quot;autoplay&quot;:{&quot;delay&quot;:5000},&quot;loop&quot;:true,&quot;speed&quot;:500,&quot;slidesPerView&quot;:1,&quot;slidesPerGroup&quot;:1,&quot;spaceBetween&quot;:20,&quot;centeredSlides&quot;:true,&quot;freeMode&quot;:true,&quot;effect&quot;:&quot;carousel&quot;,&quot;breakpoints&quot;:{&quot;600&quot;:{&quot;slidesPerView&quot;:2,&quot;spaceBetween&quot;:35,&quot;slidesPerGroup&quot;:1},&quot;767&quot;:{&quot;slidesPerView&quot;:2,&quot;spaceBetween&quot;:35,&quot;slidesPerGroup&quot;:1},&quot;1023&quot;:{&quot;slidesPerView&quot;:1,&quot;spaceBetween&quot;:20,&quot;slidesPerGroup&quot;:1}},&quot;navigation&quot;:{&quot;nextEl&quot;:&quot;#jltma-image-carousel-c33c75d .jltma-arrow--next&quot;,&quot;prevEl&quot;:&quot;#jltma-image-carousel-c33c75d .jltma-arrow--prev&quot;},&quot;pagination&quot;:{&quot;el&quot;:&quot;#jltma-image-carousel-c33c75d .swiper-pagination&quot;,&quot;type&quot;:&quot;&quot;,&quot;clickable&quot;:&quot;true&quot;,&quot;dynamicBullets&quot;:false},&quot;scrollbar&quot;:{&quot;el&quot;:&quot;#jltma-image-carousel-c33c75d .swiper-scrollbar&quot;,&quot;hide&quot;:&quot;true&quot;},&quot;coverflowEffect&quot;:{&quot;rotate&quot;:50,&quot;stretch&quot;:0,&quot;depth&quot;:100,&quot;modifier&quot;:1,&quot;slideShadows&quot;:true}}\">\n\t\t\t<div class=\"jltma-image-carousel-wrapper jltma-carousel jltma-swiper jltma-swiper__container swiper elementor-jltma-element-c33c75d-6671\" data-image-carousel-template-widget-id=\"c33c75d-6671\">\n\t\t\t\t<div class=\"jltma-image-carousel jltma-swiper__wrapper swiper-wrapper\">\n\n\t\t\t\t\t\t\t\t\t\t\t\t<div class=\"jltma-slider__item jltma-swiper__slide swiper-slide\">\n\n\t\t\t\t\t\t\t\t<figure class=\"jltma-image-carousel-figure\">\n\n\t\t\t\t\t\t\t\t\t\t\t\t\t\t\t\t\t\t\t<a class=\"jltma-image-carousel-slider-item jltma-image-slider-link jltma-lightbox-item jltma-click-icon elementor-clickable jltma-fancybox\" href=\"https:\/\/ativamoveis.com.br\/Spanish\/wp-content\/uploads\/2025\/04\/7948-MESA-DE-CENTRO-OMEGA-3.png\" data-fancybox=\"gallery\" data-elementor-lightbox-slideshow=\"c33c75d\" data-elementor-open-lightbox=\"no\" data-caption=\"&lt;div class=&quot;jltma-fancybox-caption&quot;&gt;&lt;h4 class=&quot;jltma-image-carousel-title&quot;&gt;7948 MESA DE CENTRO OMEGA&lt;\/h4&gt;&lt;\/div&gt;\">\n\t\t\t\t\t\t\t\t\t\t\t<?xml version=\"1.0\" encoding=\"iso-8859-1\"?><svg version=\"1.1\" id=\"Capa_1\" xmlns=\"http:\/\/www.w3.org\/2000\/svg\" xmlns:xlink=\"http:\/\/www.w3.org\/1999\/xlink\" x=\"0px\" y=\"0px\" viewBox=\"0 0 512 512\" style=\"enable-background:new 0 0 512 512;\" xml:space=\"preserve\"><g><g><path d=\"M210,229.236V90H90v150h90.935L272,369.004v-52.215L210,229.236z M180,210h-60v-90h60V210z\"\/><\/g><\/g><g><g><path d=\"M0,0v512h512V0H0z M482,482H30V30h452V482z\"\/><\/g><\/g><g><g><path d=\"M330.031,272L240,142.997v52.214l62,89.135V422h120V272H330.031z M392,392h-60v-90h60V392z\"\/><\/g><\/g><g><\/g><g><\/g><g><\/g><g><\/g><g><\/g><g><\/g><g><\/g><g><\/g><g><\/g><g><\/g><g><\/g><g><\/g><g><\/g><g><\/g><g><\/g><\/svg>\t\t\t\t\t\t\t\t\t\t<\/a>\n\n\t\t\t\t\t\t\t\t\t<img fetchpriority=\"high\" decoding=\"async\" width=\"1350\" height=\"846\" src=\"https:\/\/ativamoveis.com.br\/Spanish\/wp-content\/uploads\/2025\/04\/7948-MESA-DE-CENTRO-OMEGA-3.png\" class=\"jltma-carousel-img elementor-animation-\" alt=\"\" srcset=\"https:\/\/ativamoveis.com.br\/Spanish\/wp-content\/uploads\/2025\/04\/7948-MESA-DE-CENTRO-OMEGA-3.png 1350w, https:\/\/ativamoveis.com.br\/Spanish\/wp-content\/uploads\/2025\/04\/7948-MESA-DE-CENTRO-OMEGA-3-300x188.png 300w, https:\/\/ativamoveis.com.br\/Spanish\/wp-content\/uploads\/2025\/04\/7948-MESA-DE-CENTRO-OMEGA-3-1024x642.png 1024w, https:\/\/ativamoveis.com.br\/Spanish\/wp-content\/uploads\/2025\/04\/7948-MESA-DE-CENTRO-OMEGA-3-768x481.png 768w, https:\/\/ativamoveis.com.br\/Spanish\/wp-content\/uploads\/2025\/04\/7948-MESA-DE-CENTRO-OMEGA-3-600x376.png 600w\" sizes=\"(max-width: 1350px) 100vw, 1350px\" \/>\t\t\t\t\t\t\t\t<\/figure>\n\n\t\t\t\t\t\t\t<\/div>\n\n\t\t\t\t\t\t\t\t\t\t\t\t<div class=\"jltma-slider__item jltma-swiper__slide swiper-slide\">\n\n\t\t\t\t\t\t\t\t<figure class=\"jltma-image-carousel-figure\">\n\n\t\t\t\t\t\t\t\t\t\t\t\t\t\t\t\t\t\t\t<a class=\"jltma-image-carousel-slider-item jltma-image-slider-link jltma-lightbox-item jltma-click-icon elementor-clickable jltma-fancybox\" href=\"https:\/\/ativamoveis.com.br\/Spanish\/wp-content\/uploads\/2025\/04\/7948-MESA-DE-CENTRO-OMEGA-2-1.png\" data-fancybox=\"gallery\" data-elementor-lightbox-slideshow=\"c33c75d\" data-elementor-open-lightbox=\"no\" data-caption=\"&lt;div class=&quot;jltma-fancybox-caption&quot;&gt;&lt;h4 class=&quot;jltma-image-carousel-title&quot;&gt;7948 MESA DE CENTRO OMEGA (2)&lt;\/h4&gt;&lt;\/div&gt;\">\n\t\t\t\t\t\t\t\t\t\t\t<?xml version=\"1.0\" encoding=\"iso-8859-1\"?><svg version=\"1.1\" id=\"Capa_1\" xmlns=\"http:\/\/www.w3.org\/2000\/svg\" xmlns:xlink=\"http:\/\/www.w3.org\/1999\/xlink\" x=\"0px\" y=\"0px\" viewBox=\"0 0 512 512\" style=\"enable-background:new 0 0 512 512;\" xml:space=\"preserve\"><g><g><path d=\"M210,229.236V90H90v150h90.935L272,369.004v-52.215L210,229.236z M180,210h-60v-90h60V210z\"\/><\/g><\/g><g><g><path d=\"M0,0v512h512V0H0z M482,482H30V30h452V482z\"\/><\/g><\/g><g><g><path d=\"M330.031,272L240,142.997v52.214l62,89.135V422h120V272H330.031z M392,392h-60v-90h60V392z\"\/><\/g><\/g><g><\/g><g><\/g><g><\/g><g><\/g><g><\/g><g><\/g><g><\/g><g><\/g><g><\/g><g><\/g><g><\/g><g><\/g><g><\/g><g><\/g><g><\/g><\/svg>\t\t\t\t\t\t\t\t\t\t<\/a>\n\n\t\t\t\t\t\t\t\t\t<img decoding=\"async\" width=\"1350\" height=\"846\" src=\"https:\/\/ativamoveis.com.br\/Spanish\/wp-content\/uploads\/2025\/04\/7948-MESA-DE-CENTRO-OMEGA-2-1.png\" class=\"jltma-carousel-img elementor-animation-\" alt=\"\" srcset=\"https:\/\/ativamoveis.com.br\/Spanish\/wp-content\/uploads\/2025\/04\/7948-MESA-DE-CENTRO-OMEGA-2-1.png 1350w, https:\/\/ativamoveis.com.br\/Spanish\/wp-content\/uploads\/2025\/04\/7948-MESA-DE-CENTRO-OMEGA-2-1-300x188.png 300w, https:\/\/ativamoveis.com.br\/Spanish\/wp-content\/uploads\/2025\/04\/7948-MESA-DE-CENTRO-OMEGA-2-1-1024x642.png 1024w, https:\/\/ativamoveis.com.br\/Spanish\/wp-content\/uploads\/2025\/04\/7948-MESA-DE-CENTRO-OMEGA-2-1-768x481.png 768w, https:\/\/ativamoveis.com.br\/Spanish\/wp-content\/uploads\/2025\/04\/7948-MESA-DE-CENTRO-OMEGA-2-1-600x376.png 600w\" sizes=\"(max-width: 1350px) 100vw, 1350px\" \/>\t\t\t\t\t\t\t\t<\/figure>\n\n\t\t\t\t\t\t\t<\/div>\n\n\t\t\t\t\t\t\t\t\t\t\t\t<div class=\"jltma-slider__item jltma-swiper__slide swiper-slide\">\n\n\t\t\t\t\t\t\t\t<figure class=\"jltma-image-carousel-figure\">\n\n\t\t\t\t\t\t\t\t\t\t\t\t\t\t\t\t\t\t\t<a class=\"jltma-image-carousel-slider-item jltma-image-slider-link jltma-lightbox-item jltma-click-icon elementor-clickable jltma-fancybox\" href=\"https:\/\/ativamoveis.com.br\/Spanish\/wp-content\/uploads\/2025\/04\/7948-MESA-DE-CENTRO-OMEGA-2.png\" data-fancybox=\"gallery\" data-elementor-lightbox-slideshow=\"c33c75d\" data-elementor-open-lightbox=\"no\" data-caption=\"&lt;div class=&quot;jltma-fancybox-caption&quot;&gt;&lt;h4 class=&quot;jltma-image-carousel-title&quot;&gt;7948 MESA DE CENTRO OMEGA (2)&lt;\/h4&gt;&lt;\/div&gt;\">\n\t\t\t\t\t\t\t\t\t\t\t<?xml version=\"1.0\" encoding=\"iso-8859-1\"?><svg version=\"1.1\" id=\"Capa_1\" xmlns=\"http:\/\/www.w3.org\/2000\/svg\" xmlns:xlink=\"http:\/\/www.w3.org\/1999\/xlink\" x=\"0px\" y=\"0px\" viewBox=\"0 0 512 512\" style=\"enable-background:new 0 0 512 512;\" xml:space=\"preserve\"><g><g><path d=\"M210,229.236V90H90v150h90.935L272,369.004v-52.215L210,229.236z M180,210h-60v-90h60V210z\"\/><\/g><\/g><g><g><path d=\"M0,0v512h512V0H0z M482,482H30V30h452V482z\"\/><\/g><\/g><g><g><path d=\"M330.031,272L240,142.997v52.214l62,89.135V422h120V272H330.031z M392,392h-60v-90h60V392z\"\/><\/g><\/g><g><\/g><g><\/g><g><\/g><g><\/g><g><\/g><g><\/g><g><\/g><g><\/g><g><\/g><g><\/g><g><\/g><g><\/g><g><\/g><g><\/g><g><\/g><\/svg>\t\t\t\t\t\t\t\t\t\t<\/a>\n\n\t\t\t\t\t\t\t\t\t<img decoding=\"async\" width=\"1350\" height=\"846\" src=\"https:\/\/ativamoveis.com.br\/Spanish\/wp-content\/uploads\/2025\/04\/7948-MESA-DE-CENTRO-OMEGA-2.png\" class=\"jltma-carousel-img elementor-animation-\" alt=\"\" srcset=\"https:\/\/ativamoveis.com.br\/Spanish\/wp-content\/uploads\/2025\/04\/7948-MESA-DE-CENTRO-OMEGA-2.png 1350w, https:\/\/ativamoveis.com.br\/Spanish\/wp-content\/uploads\/2025\/04\/7948-MESA-DE-CENTRO-OMEGA-2-300x188.png 300w, https:\/\/ativamoveis.com.br\/Spanish\/wp-content\/uploads\/2025\/04\/7948-MESA-DE-CENTRO-OMEGA-2-1024x642.png 1024w, https:\/\/ativamoveis.com.br\/Spanish\/wp-content\/uploads\/2025\/04\/7948-MESA-DE-CENTRO-OMEGA-2-768x481.png 768w, https:\/\/ativamoveis.com.br\/Spanish\/wp-content\/uploads\/2025\/04\/7948-MESA-DE-CENTRO-OMEGA-2-600x376.png 600w\" sizes=\"(max-width: 1350px) 100vw, 1350px\" \/>\t\t\t\t\t\t\t\t<\/figure>\n\n\t\t\t\t\t\t\t<\/div>\n\n\t\t\t\t\t\n\t\t\t\t<\/div> <!-- swiper-wrapper -->\n\n\t\t\t<\/div>\n\t\t\t<!--\/.ma-image-carousel-->\n\n\n\t\t\t        <div class=\"jltma-arrows jltma-swiper__navigation jltma-swiper__navigation--inside jltma-swiper__navigation--center jltma-swiper__pagination jltma-swiper__pagination--arrows jltma-position-z-index jltma-swiper__pagination-c33c75d jltma-visible-mobile\" id=\"jltma-arrows-c33c75d\">\n                                    <div class=\"jltma-swiper__button jltma-swiper__button--prev jltma-arrow jltma-arrow--prev jltma-swiper__button--prev-c33c75d\">\n            <i class=\"fas fa-arrow-left\"><\/i>\n        <\/div>\n        <div class=\"jltma-swiper__button jltma-swiper__button--next jltma-arrow jltma-arrow--next jltma-swiper__button--next-c33c75d\">\n            <i class=\"fas fa-arrow-right\"><\/i>\n        <\/div>\n                            <\/div>\n\n    \n\t\t\t\n\n\t\t<\/div>\n\t\t<!--\/.carousel-attribute-->\n\t\t\t\t<\/div>\n\t\t\t\t<\/div>\n\t\t\t\t\t<\/div>\n\t\t\t\t<\/div>\n\t\t<div class=\"elementor-element elementor-element-a6378ea e-flex e-con-boxed jltma-glass-effect-no e-con e-parent\" data-id=\"a6378ea\" data-element_type=\"container\" data-settings=\"{&quot;background_background&quot;:&quot;classic&quot;}\">\n\t\t\t\t\t<div class=\"e-con-inner\">\n\t\t\t\t<div class=\"elementor-element elementor-element-2b758e0 jltma-glass-effect-no elementor-widget elementor-widget-text-editor\" data-id=\"2b758e0\" data-element_type=\"widget\" data-widget_type=\"text-editor.default\">\n\t\t\t\t<div class=\"elementor-widget-container\">\n\t\t\t\t\t\t\t\t\t<div class=\"elementor-element elementor-element-e431b43 e-flex e-con-boxed jltma-glass-effect-no e-con e-parent e-lazyloaded\" data-id=\"e431b43\" data-element_type=\"container\" data-settings=\"{&quot;background_background&quot;:&quot;classic&quot;}\"><div class=\"e-con-inner\"><div class=\"elementor-element elementor-element-6066576 jltma-glass-effect-no elementor-widget elementor-widget-text-editor\" data-id=\"6066576\" data-element_type=\"widget\" data-widget_type=\"text-editor.default\"><div class=\"elementor-widget-container\"><p>Use las flechas para navegar, o haga clic y arrastre las im\u00e1genes. Si lo prefiere, haga clic en el icono sobre la foto para ampliarla.<\/p><\/div><\/div><\/div><\/div>\t\t\t\t\t\t\t\t<\/div>\n\t\t\t\t<\/div>\n\t\t\t\t\t<\/div>\n\t\t\t\t<\/div>\n\t\t<div class=\"elementor-element elementor-element-eadb48e e-flex e-con-boxed jltma-glass-effect-no e-con e-parent\" data-id=\"eadb48e\" data-element_type=\"container\" data-settings=\"{&quot;background_background&quot;:&quot;classic&quot;}\">\n\t\t\t\t\t<div class=\"e-con-inner\">\n\t\t\t\t<div class=\"elementor-element elementor-element-9d5fe14 jltma-glass-effect-no elementor-widget elementor-widget-ma-gradient-headline\" data-id=\"9d5fe14\" data-element_type=\"widget\" data-widget_type=\"ma-gradient-headline.default\">\n\t\t\t\t<div class=\"elementor-widget-container\">\n\t\t\t\t\t<h2 class=\"jltma-gradient-headline\">Mesa de Centro \u00d4mega<\/h2>\t\t\t\t<\/div>\n\t\t\t\t<\/div>\n\t\t\t\t<div class=\"elementor-element elementor-element-fef294e jltma-glass-effect-no elementor-widget elementor-widget-text-editor\" data-id=\"fef294e\" data-element_type=\"widget\" data-widget_type=\"text-editor.default\">\n\t\t\t\t<div class=\"elementor-widget-container\">\n\t\t\t\t\t\t\t\t\t<p>Nuestras mesas de centro son la fusi\u00f3n perfecta entre elegancia y utilidad. Dise\u00f1adas para ser el punto central de su sala de estar, brindan una superficie sofisticada para decoraci\u00f3n, libros o elementos esenciales del d\u00eda a d\u00eda, aportando un toque refinado a sus momentos de relajaci\u00f3n y encuentros sociales.<\/p>\t\t\t\t\t\t\t\t<\/div>\n\t\t\t\t<\/div>\n\t\t\t\t\t<\/div>\n\t\t\t\t<\/div>\n\t\t<div class=\"elementor-element elementor-element-d28010f e-flex e-con-boxed jltma-glass-effect-no e-con e-parent\" data-id=\"d28010f\" data-element_type=\"container\" data-settings=\"{&quot;background_background&quot;:&quot;gradient&quot;}\">\n\t\t\t\t\t<div class=\"e-con-inner\">\n\t\t\t\t<div class=\"elementor-element elementor-element-506ec73 elementor-align-justify jltma-glass-effect-no elementor-widget elementor-widget-button\" data-id=\"506ec73\" data-element_type=\"widget\" data-widget_type=\"button.default\">\n\t\t\t\t<div class=\"elementor-widget-container\">\n\t\t\t\t\t\t\t\t\t<div class=\"elementor-button-wrapper\">\n\t\t\t\t\t<a class=\"elementor-button elementor-button-link elementor-size-sm\" href=\"https:\/\/ativamoveis.com.br\/Spanish\/contato\/\">\n\t\t\t\t\t\t<span class=\"elementor-button-content-wrapper\">\n\t\t\t\t\t\t\t\t\t<span class=\"elementor-button-text\">Cont\u00e1ctenos y conozca m\u00e1s sobre nuestros productos<\/span>\n\t\t\t\t\t<\/span>\n\t\t\t\t\t<\/a>\n\t\t\t\t<\/div>\n\t\t\t\t\t\t\t\t<\/div>\n\t\t\t\t<\/div>\n\t\t\t\t\t<\/div>\n\t\t\t\t<\/div>\n\t\t<div class=\"elementor-element elementor-element-c5591cb e-flex e-con-boxed jltma-glass-effect-no e-con e-parent\" data-id=\"c5591cb\" data-element_type=\"container\" data-settings=\"{&quot;background_background&quot;:&quot;classic&quot;}\">\n\t\t\t\t\t<div class=\"e-con-inner\">\n\t\t\t\t<div class=\"elementor-element elementor-element-906f453 jltma-glass-effect-no elementor-widget elementor-widget-button\" data-id=\"906f453\" data-element_type=\"widget\" data-widget_type=\"button.default\">\n\t\t\t\t<div class=\"elementor-widget-container\">\n\t\t\t\t\t\t\t\t\t<div class=\"elementor-button-wrapper\">\n\t\t\t\t\t<a class=\"elementor-button elementor-button-link elementor-size-sm\" href=\"https:\/\/ativamoveis.com.br\/Spanish\/apanhadoresmesasdecentroelaterais\/\">\n\t\t\t\t\t\t<span class=\"elementor-button-content-wrapper\">\n\t\t\t\t\t\t\t\t\t<span class=\"elementor-button-text\">Volver<\/span>\n\t\t\t\t\t<\/span>\n\t\t\t\t\t<\/a>\n\t\t\t\t<\/div>\n\t\t\t\t\t\t\t\t<\/div>\n\t\t\t\t<\/div>\n\t\t\t\t\t<\/div>\n\t\t\t\t<\/div>\n\t\t<div class=\"elementor-element elementor-element-ba5021f e-flex e-con-boxed jltma-glass-effect-no e-con e-parent\" data-id=\"ba5021f\" data-element_type=\"container\" data-settings=\"{&quot;background_background&quot;:&quot;gradient&quot;}\">\n\t\t\t\t\t<div class=\"e-con-inner\">\n\t\t<div class=\"elementor-element elementor-element-ef2cbef e-con-full e-transform e-flex jltma-glass-effect-no e-con e-child\" data-id=\"ef2cbef\" data-element_type=\"container\" data-settings=\"{&quot;_transform_translateX_effect&quot;:{&quot;unit&quot;:&quot;px&quot;,&quot;size&quot;:0,&quot;sizes&quot;:[]},&quot;_transform_translateX_effect_tablet&quot;:{&quot;unit&quot;:&quot;px&quot;,&quot;size&quot;:&quot;&quot;,&quot;sizes&quot;:[]},&quot;_transform_translateX_effect_mobile&quot;:{&quot;unit&quot;:&quot;px&quot;,&quot;size&quot;:&quot;&quot;,&quot;sizes&quot;:[]},&quot;_transform_translateY_effect&quot;:{&quot;unit&quot;:&quot;px&quot;,&quot;size&quot;:&quot;&quot;,&quot;sizes&quot;:[]},&quot;_transform_translateY_effect_tablet&quot;:{&quot;unit&quot;:&quot;px&quot;,&quot;size&quot;:&quot;&quot;,&quot;sizes&quot;:[]},&quot;_transform_translateY_effect_mobile&quot;:{&quot;unit&quot;:&quot;px&quot;,&quot;size&quot;:&quot;&quot;,&quot;sizes&quot;:[]}}\">\n\t\t\t\t<div class=\"elementor-element elementor-element-5bbfc7b jltma-glass-effect-no elementor-widget elementor-widget-image\" data-id=\"5bbfc7b\" data-element_type=\"widget\" data-widget_type=\"image.default\">\n\t\t\t\t<div class=\"elementor-widget-container\">\n\t\t\t\t\t\t\t\t\t\t\t\t\t\t\t<img loading=\"lazy\" decoding=\"async\" width=\"802\" height=\"889\" src=\"https:\/\/ativamoveis.com.br\/Spanish\/wp-content\/uploads\/2024\/11\/foto1.png\" class=\"attachment-full size-full wp-image-1511\" alt=\"\" srcset=\"https:\/\/ativamoveis.com.br\/Spanish\/wp-content\/uploads\/2024\/11\/foto1.png 802w, https:\/\/ativamoveis.com.br\/Spanish\/wp-content\/uploads\/2024\/11\/foto1-271x300.png 271w, https:\/\/ativamoveis.com.br\/Spanish\/wp-content\/uploads\/2024\/11\/foto1-768x851.png 768w, https:\/\/ativamoveis.com.br\/Spanish\/wp-content\/uploads\/2024\/11\/foto1-600x665.png 600w\" sizes=\"(max-width: 802px) 100vw, 802px\" \/>\t\t\t\t\t\t\t\t\t\t\t\t\t\t\t<\/div>\n\t\t\t\t<\/div>\n\t\t\t\t<\/div>\n\t\t<div class=\"elementor-element elementor-element-e2c38cf e-con-full e-transform e-flex jltma-glass-effect-no e-con e-child\" data-id=\"e2c38cf\" data-element_type=\"container\" data-settings=\"{&quot;_transform_translateX_effect&quot;:{&quot;unit&quot;:&quot;px&quot;,&quot;size&quot;:0,&quot;sizes&quot;:[]},&quot;_transform_translateX_effect_tablet&quot;:{&quot;unit&quot;:&quot;px&quot;,&quot;size&quot;:&quot;&quot;,&quot;sizes&quot;:[]},&quot;_transform_translateX_effect_mobile&quot;:{&quot;unit&quot;:&quot;px&quot;,&quot;size&quot;:&quot;&quot;,&quot;sizes&quot;:[]},&quot;_transform_translateY_effect&quot;:{&quot;unit&quot;:&quot;px&quot;,&quot;size&quot;:&quot;&quot;,&quot;sizes&quot;:[]},&quot;_transform_translateY_effect_tablet&quot;:{&quot;unit&quot;:&quot;px&quot;,&quot;size&quot;:&quot;&quot;,&quot;sizes&quot;:[]},&quot;_transform_translateY_effect_mobile&quot;:{&quot;unit&quot;:&quot;px&quot;,&quot;size&quot;:&quot;&quot;,&quot;sizes&quot;:[]}}\">\n\t\t\t\t<div class=\"elementor-element elementor-element-f0d4dca jltma-glass-effect-no elementor-widget elementor-widget-text-editor\" data-id=\"f0d4dca\" data-element_type=\"widget\" data-widget_type=\"text-editor.default\">\n\t\t\t\t<div class=\"elementor-widget-container\">\n\t\t\t\t\t\t\t\t\t<p>Convi\u00e9rtete en<br \/>representante de ventas<\/p>\t\t\t\t\t\t\t\t<\/div>\n\t\t\t\t<\/div>\n\t\t\t\t<div class=\"elementor-element elementor-element-cc4e107 jltma-glass-effect-no elementor-widget elementor-widget-text-editor\" data-id=\"cc4e107\" data-element_type=\"widget\" data-widget_type=\"text-editor.default\">\n\t\t\t\t<div class=\"elementor-widget-container\">\n\t\t\t\t\t\t\t\t\t<p>Representar nuestros productos significa entregar calidad y confianza a cada cliente. \u00a1\u00danase a nuestro equipo y forme parte de una red exitosa!<\/p>\t\t\t\t\t\t\t\t<\/div>\n\t\t\t\t<\/div>\n\t\t\t\t<div class=\"elementor-element elementor-element-70ce132 jltma-glass-effect-no elementor-widget elementor-widget-button\" data-id=\"70ce132\" data-element_type=\"widget\" data-widget_type=\"button.default\">\n\t\t\t\t<div class=\"elementor-widget-container\">\n\t\t\t\t\t\t\t\t\t<div class=\"elementor-button-wrapper\">\n\t\t\t\t\t<a class=\"elementor-button elementor-button-link elementor-size-sm\" href=\"https:\/\/ativamoveis.com.br\/Spanish\/contato\/\">\n\t\t\t\t\t\t<span class=\"elementor-button-content-wrapper\">\n\t\t\t\t\t\t\t\t\t<span class=\"elementor-button-text\">Cont\u00e1ctenos<\/span>\n\t\t\t\t\t<\/span>\n\t\t\t\t\t<\/a>\n\t\t\t\t<\/div>\n\t\t\t\t\t\t\t\t<\/div>\n\t\t\t\t<\/div>\n\t\t\t\t<\/div>\n\t\t\t\t\t<\/div>\n\t\t\t\t<\/div>\n\t\t\t\t<\/div>\n\t\t","protected":false},"excerpt":{"rendered":"<p>Aparadores, Maceteros, Carros Bar, Mesas de Centro y Laterales Mesa de Centro \u00d4mega Use las flechas para navegar, o haga clic y arrastre las im\u00e1genes. Si lo prefiere, haga clic en el icono sobre la foto para ampliarla. Mesa de Centro \u00d4mega Nuestras mesas de centro son la fusi\u00f3n perfecta entre elegancia y utilidad. Dise\u00f1adas [&hellip;]<\/p>\n","protected":false},"author":1,"featured_media":0,"parent":0,"menu_order":0,"comment_status":"closed","ping_status":"closed","template":"elementor_header_footer","meta":{"_joinchat":[],"footnotes":""},"class_list":["post-6671","page","type-page","status-publish","hentry"],"_links":{"self":[{"href":"https:\/\/ativamoveis.com.br\/Spanish\/wp-json\/wp\/v2\/pages\/6671","targetHints":{"allow":["GET"]}}],"collection":[{"href":"https:\/\/ativamoveis.com.br\/Spanish\/wp-json\/wp\/v2\/pages"}],"about":[{"href":"https:\/\/ativamoveis.com.br\/Spanish\/wp-json\/wp\/v2\/types\/page"}],"author":[{"embeddable":true,"href":"https:\/\/ativamoveis.com.br\/Spanish\/wp-json\/wp\/v2\/users\/1"}],"replies":[{"embeddable":true,"href":"https:\/\/ativamoveis.com.br\/Spanish\/wp-json\/wp\/v2\/comments?post=6671"}],"version-history":[{"count":13,"href":"https:\/\/ativamoveis.com.br\/Spanish\/wp-json\/wp\/v2\/pages\/6671\/revisions"}],"predecessor-version":[{"id":11429,"href":"https:\/\/ativamoveis.com.br\/Spanish\/wp-json\/wp\/v2\/pages\/6671\/revisions\/11429"}],"wp:attachment":[{"href":"https:\/\/ativamoveis.com.br\/Spanish\/wp-json\/wp\/v2\/media?parent=6671"}],"curies":[{"name":"wp","href":"https:\/\/api.w.org\/{rel}","templated":true}]}}