{"id":8320,"date":"2026-02-08T23:33:48","date_gmt":"2026-02-08T23:33:48","guid":{"rendered":"https:\/\/ativamoveis.com.br\/?page_id=8320"},"modified":"2026-05-13T11:22:39","modified_gmt":"2026-05-13T11:22:39","slug":"mesalateralorbit","status":"publish","type":"page","link":"https:\/\/ativamoveis.com.br\/Spanish\/mesalateralorbit\/","title":{"rendered":"Mesa Lateral Orbit"},"content":{"rendered":"\t\t<div data-elementor-type=\"wp-page\" data-elementor-id=\"8320\" class=\"elementor elementor-8320\">\n\t\t\t\t<div class=\"elementor-element elementor-element-e51de10 e-flex e-con-boxed jltma-glass-effect-no e-con e-parent\" data-id=\"e51de10\" data-element_type=\"container\">\n\t\t\t\t\t<div class=\"e-con-inner\">\n\t\t\t\t<div class=\"elementor-element elementor-element-0b5f3ce jltma-glass-effect-no elementor-widget elementor-widget-spacer\" data-id=\"0b5f3ce\" data-element_type=\"widget\" data-widget_type=\"spacer.default\">\n\t\t\t\t<div class=\"elementor-widget-container\">\n\t\t\t\t\t\t\t<div class=\"elementor-spacer\">\n\t\t\t<div class=\"elementor-spacer-inner\"><\/div>\n\t\t<\/div>\n\t\t\t\t\t\t<\/div>\n\t\t\t\t<\/div>\n\t\t\t\t\t<\/div>\n\t\t\t\t<\/div>\n\t\t<div class=\"elementor-element elementor-element-bf3291e e-flex e-con-boxed jltma-glass-effect-no e-con e-parent\" data-id=\"bf3291e\" data-element_type=\"container\">\n\t\t\t\t\t<div class=\"e-con-inner\">\n\t\t\t\t<div class=\"elementor-element elementor-element-d22848a jltma-glass-effect-no elementor-widget elementor-widget-spacer\" data-id=\"d22848a\" data-element_type=\"widget\" data-widget_type=\"spacer.default\">\n\t\t\t\t<div class=\"elementor-widget-container\">\n\t\t\t\t\t\t\t<div class=\"elementor-spacer\">\n\t\t\t<div class=\"elementor-spacer-inner\"><\/div>\n\t\t<\/div>\n\t\t\t\t\t\t<\/div>\n\t\t\t\t<\/div>\n\t\t\t\t\t<\/div>\n\t\t\t\t<\/div>\n\t\t<div class=\"elementor-element elementor-element-b93a02f e-flex e-con-boxed jltma-glass-effect-no e-con e-parent\" data-id=\"b93a02f\" data-element_type=\"container\" data-settings=\"{&quot;background_background&quot;:&quot;classic&quot;}\">\n\t\t\t\t\t<div class=\"e-con-inner\">\n\t\t<div class=\"elementor-element elementor-element-55b6958 e-con-full e-flex jltma-glass-effect-no e-con e-child\" data-id=\"55b6958\" data-element_type=\"container\">\n\t\t\t\t<div class=\"elementor-element elementor-element-2a8b4cd jltma-glass-effect-no elementor-widget elementor-widget-text-editor\" data-id=\"2a8b4cd\" data-element_type=\"widget\" data-widget_type=\"text-editor.default\">\n\t\t\t\t<div class=\"elementor-widget-container\">\n\t\t\t\t\t\t\t\t\t<p>Aparadores, Maceteros, Carros Bar, Mesas de Centro y Laterales<\/p>\t\t\t\t\t\t\t\t<\/div>\n\t\t\t\t<\/div>\n\t\t\t\t<\/div>\n\t\t\t\t\t<\/div>\n\t\t\t\t<\/div>\n\t\t<div class=\"elementor-element elementor-element-e3cfb51 e-flex e-con-boxed jltma-glass-effect-no e-con e-parent\" data-id=\"e3cfb51\" data-element_type=\"container\" data-settings=\"{&quot;background_background&quot;:&quot;classic&quot;}\">\n\t\t\t\t\t<div class=\"e-con-inner\">\n\t\t<div class=\"elementor-element elementor-element-d6ec1de e-con-full e-flex jltma-glass-effect-no e-con e-child\" data-id=\"d6ec1de\" data-element_type=\"container\">\n\t\t\t\t<div class=\"elementor-element elementor-element-23643c2 jltma-glass-effect-no elementor-widget elementor-widget-text-editor\" data-id=\"23643c2\" data-element_type=\"widget\" data-widget_type=\"text-editor.default\">\n\t\t\t\t<div class=\"elementor-widget-container\">\n\t\t\t\t\t\t\t\t\t<p>Mesa Lateral Orbit<\/p>\t\t\t\t\t\t\t\t<\/div>\n\t\t\t\t<\/div>\n\t\t\t\t<\/div>\n\t\t\t\t\t<\/div>\n\t\t\t\t<\/div>\n\t\t<div class=\"elementor-element elementor-element-4b8e295 e-flex e-con-boxed jltma-glass-effect-no e-con e-parent\" data-id=\"4b8e295\" data-element_type=\"container\" data-settings=\"{&quot;background_background&quot;:&quot;classic&quot;}\">\n\t\t\t\t\t<div class=\"e-con-inner\">\n\t\t\t\t<div class=\"elementor-element elementor-element-c33c75d jltma-navigation-type-arrows jltma-carousel-style-carousel jltma-glass-effect-no elementor-widget elementor-widget-ma-image-carousel\" data-id=\"c33c75d\" data-element_type=\"widget\" data-settings=\"{&quot;item_gap&quot;:{&quot;unit&quot;:&quot;px&quot;,&quot;size&quot;:20,&quot;sizes&quot;:[]},&quot;enable_lightbox&quot;:&quot;yes&quot;,&quot;autoheight&quot;:&quot;yes&quot;,&quot;item_gap_tablet&quot;:{&quot;unit&quot;:&quot;px&quot;,&quot;size&quot;:35,&quot;sizes&quot;:[]},&quot;item_gap_mobile&quot;:{&quot;unit&quot;:&quot;px&quot;,&quot;size&quot;:20,&quot;sizes&quot;:[]}}\" data-widget_type=\"ma-image-carousel.default\">\n\t\t\t\t<div class=\"elementor-widget-container\">\n\t\t\t\t\t\t\t<div id=\"jltma-image-carousel-c33c75d\" class=\"jltma-arrows-align-center jltma-image-carousel-slider\" data-settings=\"{&quot;autoplay&quot;:{&quot;delay&quot;:5000},&quot;loop&quot;:true,&quot;speed&quot;:500,&quot;slidesPerView&quot;:1,&quot;slidesPerGroup&quot;:1,&quot;spaceBetween&quot;:20,&quot;centeredSlides&quot;:true,&quot;freeMode&quot;:true,&quot;effect&quot;:&quot;carousel&quot;,&quot;breakpoints&quot;:{&quot;600&quot;:{&quot;slidesPerView&quot;:2,&quot;spaceBetween&quot;:35,&quot;slidesPerGroup&quot;:1},&quot;767&quot;:{&quot;slidesPerView&quot;:2,&quot;spaceBetween&quot;:35,&quot;slidesPerGroup&quot;:1},&quot;1023&quot;:{&quot;slidesPerView&quot;:1,&quot;spaceBetween&quot;:20,&quot;slidesPerGroup&quot;:1}},&quot;navigation&quot;:{&quot;nextEl&quot;:&quot;#jltma-image-carousel-c33c75d .jltma-arrow--next&quot;,&quot;prevEl&quot;:&quot;#jltma-image-carousel-c33c75d .jltma-arrow--prev&quot;},&quot;pagination&quot;:{&quot;el&quot;:&quot;#jltma-image-carousel-c33c75d .swiper-pagination&quot;,&quot;type&quot;:&quot;&quot;,&quot;clickable&quot;:&quot;true&quot;,&quot;dynamicBullets&quot;:false},&quot;scrollbar&quot;:{&quot;el&quot;:&quot;#jltma-image-carousel-c33c75d .swiper-scrollbar&quot;,&quot;hide&quot;:&quot;true&quot;},&quot;coverflowEffect&quot;:{&quot;rotate&quot;:50,&quot;stretch&quot;:0,&quot;depth&quot;:100,&quot;modifier&quot;:1,&quot;slideShadows&quot;:true}}\">\n\t\t\t<div class=\"jltma-image-carousel-wrapper jltma-carousel jltma-swiper jltma-swiper__container swiper elementor-jltma-element-c33c75d-8320\" data-image-carousel-template-widget-id=\"c33c75d-8320\">\n\t\t\t\t<div class=\"jltma-image-carousel jltma-swiper__wrapper swiper-wrapper\">\n\n\t\t\t\t\t\n\t\t\t\t<\/div> <!-- swiper-wrapper -->\n\n\t\t\t<\/div>\n\t\t\t<!--\/.ma-image-carousel-->\n\n\n\t\t\t        <div class=\"jltma-arrows jltma-swiper__navigation jltma-swiper__navigation--inside jltma-swiper__navigation--center jltma-swiper__pagination jltma-swiper__pagination--arrows jltma-position-z-index jltma-swiper__pagination-c33c75d jltma-visible-mobile\" id=\"jltma-arrows-c33c75d\">\n                                    <div class=\"jltma-swiper__button jltma-swiper__button--prev jltma-arrow jltma-arrow--prev jltma-swiper__button--prev-c33c75d\">\n            <i class=\"fas fa-arrow-left\"><\/i>\n        <\/div>\n        <div class=\"jltma-swiper__button jltma-swiper__button--next jltma-arrow jltma-arrow--next jltma-swiper__button--next-c33c75d\">\n            <i class=\"fas fa-arrow-right\"><\/i>\n        <\/div>\n                            <\/div>\n\n    \n\t\t\t\n\n\t\t<\/div>\n\t\t<!--\/.carousel-attribute-->\n\t\t\t\t<\/div>\n\t\t\t\t<\/div>\n\t\t\t\t\t<\/div>\n\t\t\t\t<\/div>\n\t\t<div class=\"elementor-element elementor-element-fb13302 e-flex e-con-boxed jltma-glass-effect-no e-con e-parent\" data-id=\"fb13302\" data-element_type=\"container\" data-settings=\"{&quot;background_background&quot;:&quot;classic&quot;}\">\n\t\t\t\t\t<div class=\"e-con-inner\">\n\t\t\t\t<div class=\"elementor-element elementor-element-ccfaa9e jltma-glass-effect-no elementor-widget elementor-widget-text-editor\" data-id=\"ccfaa9e\" data-element_type=\"widget\" data-widget_type=\"text-editor.default\">\n\t\t\t\t<div class=\"elementor-widget-container\">\n\t\t\t\t\t\t\t\t\t<div class=\"elementor-element elementor-element-e431b43 e-flex e-con-boxed jltma-glass-effect-no e-con e-parent e-lazyloaded\" data-id=\"e431b43\" data-element_type=\"container\" data-settings=\"{&quot;background_background&quot;:&quot;classic&quot;}\"><div class=\"e-con-inner\"><div class=\"elementor-element elementor-element-6066576 jltma-glass-effect-no elementor-widget elementor-widget-text-editor\" data-id=\"6066576\" data-element_type=\"widget\" data-widget_type=\"text-editor.default\"><div class=\"elementor-widget-container\"><p>Use las flechas para navegar, o haga clic y arrastre las im\u00e1genes. Si lo prefiere, haga clic en el icono sobre la foto para ampliarla.<\/p><\/div><\/div><\/div><\/div>\t\t\t\t\t\t\t\t<\/div>\n\t\t\t\t<\/div>\n\t\t\t\t\t<\/div>\n\t\t\t\t<\/div>\n\t\t<div class=\"elementor-element elementor-element-bdb64dc e-flex e-con-boxed jltma-glass-effect-no e-con e-parent\" data-id=\"bdb64dc\" data-element_type=\"container\" data-settings=\"{&quot;background_background&quot;:&quot;classic&quot;}\">\n\t\t\t\t\t<div class=\"e-con-inner\">\n\t\t\t\t<div class=\"elementor-element elementor-element-c087a33 jltma-glass-effect-no elementor-widget elementor-widget-ma-gradient-headline\" data-id=\"c087a33\" data-element_type=\"widget\" data-widget_type=\"ma-gradient-headline.default\">\n\t\t\t\t<div class=\"elementor-widget-container\">\n\t\t\t\t\t<h2 class=\"jltma-gradient-headline\">Mesa Lateral Orbit<\/h2>\t\t\t\t<\/div>\n\t\t\t\t<\/div>\n\t\t\t\t<div class=\"elementor-element elementor-element-81b5570 jltma-glass-effect-no elementor-widget elementor-widget-text-editor\" data-id=\"81b5570\" data-element_type=\"widget\" data-widget_type=\"text-editor.default\">\n\t\t\t\t<div class=\"elementor-widget-container\">\n\t\t\t\t\t\t\t\t\t<p>Nuestras mesas laterales son el accesorio funcional definitivo para cualquier habitaci\u00f3n. Compactas pero de gran impacto, ofrecen un lugar sofisticado y conveniente donde m\u00e1s lo necesita, ya sea al lado de un sof\u00e1 o de un sill\u00f3n. Dise\u00f1adas para integrarse perfectamente en su decoraci\u00f3n, estas piezas elegantes a\u00f1aden un toque final de practicidade y refinamiento a su hogar.<\/p>\t\t\t\t\t\t\t\t<\/div>\n\t\t\t\t<\/div>\n\t\t\t\t\t<\/div>\n\t\t\t\t<\/div>\n\t\t<div class=\"elementor-element elementor-element-5f7ab09 e-flex e-con-boxed jltma-glass-effect-no e-con e-parent\" data-id=\"5f7ab09\" data-element_type=\"container\" data-settings=\"{&quot;background_background&quot;:&quot;classic&quot;}\">\n\t\t\t\t\t<div class=\"e-con-inner\">\n\t\t\t\t<div class=\"elementor-element elementor-element-36aff92 jltma-glass-effect-no elementor-widget elementor-widget-shortcode\" data-id=\"36aff92\" data-element_type=\"widget\" data-widget_type=\"shortcode.default\">\n\t\t\t\t<div class=\"elementor-widget-container\">\n\t\t\t\t\t\t\t<div class=\"elementor-shortcode\">\n<div class=\"wpdt-c row wpDataTableContainerSimpleTable wpDataTables wpDataTablesWrapper\n\"\n    >\n        <table id=\"wpdtSimpleTable-286\"\n           style=\"border-collapse:collapse;\n                   border-spacing:0px;\"\n           class=\"wpdtSimpleTable wpDataTable\"\n           data-column=\"4\"\n           data-rows=\"3\"\n           data-wpID=\"286\"\n           data-responsive=\"0\"\n           data-has-header=\"0\">\n\n                    <tbody>        <tr class=\"wpdt-cell-row  remove-borders \" >\n                                <td class=\"wpdt-cell wpdt-bold wpdt-bc-FDEDD2 wpdt-tc-000000 wpdt-fs-000016 wpdt-valign-middle wpdt-align-center remove-borders \"\n                                            data-cell-id=\"A1\"\n                    data-col-index=\"0\"\n                    data-row-index=\"0\"\n                    style=\" width:25%;                    padding:10px;\n                    \"\n                    >\n                                        C\u00f3digo                    <\/td>\n                                                <td class=\"wpdt-cell wpdt-bold wpdt-bc-FDEDD2 wpdt-tc-000000 wpdt-fs-000016 wpdt-valign-middle wpdt-align-center remove-borders \"\n                                            data-cell-id=\"B1\"\n                    data-col-index=\"1\"\n                    data-row-index=\"0\"\n                    style=\" width:25%;                    padding:10px;\n                    \"\n                    >\n                                        H (Altura)                    <\/td>\n                                                <td class=\"wpdt-cell wpdt-bold wpdt-bc-FDEDD2 wpdt-tc-000000 wpdt-fs-000016 wpdt-valign-middle wpdt-align-center remove-borders \"\n                                            data-cell-id=\"C1\"\n                    data-col-index=\"2\"\n                    data-row-index=\"0\"\n                    style=\" width:25%;                    padding:10px;\n                    \"\n                    >\n                                        W (Ancho)                    <\/td>\n                                                <td class=\"wpdt-cell wpdt-bold wpdt-bc-FDEDD2 wpdt-tc-000000 wpdt-fs-000016 wpdt-valign-middle wpdt-align-center remove-borders \"\n                                            data-cell-id=\"D1\"\n                    data-col-index=\"3\"\n                    data-row-index=\"0\"\n                    style=\" width:25%;                    padding:10px;\n                    \"\n                    >\n                                        L (Largo)                    <\/td>\n                                        <\/tr>\n                            <tr class=\"wpdt-cell-row  remove-borders \" >\n                                <td class=\"wpdt-cell wpdt-tc-000000 wpdt-bold remove-borders \"\n                                            data-cell-id=\"A2\"\n                    data-col-index=\"0\"\n                    data-row-index=\"1\"\n                    style=\"                    padding:10px;\n                    \"\n                    >\n                                        9597                    <\/td>\n                                                <td class=\"wpdt-cell wpdt-tc-000000 remove-borders \"\n                                            data-cell-id=\"B2\"\n                    data-col-index=\"1\"\n                    data-row-index=\"1\"\n                    style=\"                    padding:10px;\n                    \"\n                    >\n                                        380mm                    <\/td>\n                                                <td class=\"wpdt-cell wpdt-tc-000000 remove-borders \"\n                                            data-cell-id=\"C2\"\n                    data-col-index=\"2\"\n                    data-row-index=\"1\"\n                    style=\"                    padding:10px;\n                    \"\n                    >\n                                        380mm                    <\/td>\n                                                <td class=\"wpdt-cell wpdt-tc-000000 remove-borders \"\n                                            data-cell-id=\"D2\"\n                    data-col-index=\"3\"\n                    data-row-index=\"1\"\n                    style=\"                    padding:10px;\n                    \"\n                    >\n                                        660mm                    <\/td>\n                                        <\/tr>\n                            <tr class=\"wpdt-cell-row  remove-borders \" >\n                                <td class=\"wpdt-cell wpdt-tc-000000 wpdt-bc-FDEDD2 wpdt-bold remove-borders \"\n                                            data-cell-id=\"A3\"\n                    data-col-index=\"0\"\n                    data-row-index=\"2\"\n                    style=\"                    padding:10px;\n                    \"\n                    >\n                                        9596                    <\/td>\n                                                <td class=\"wpdt-cell wpdt-tc-000000 wpdt-bc-FDEDD2 remove-borders \"\n                                            data-cell-id=\"B3\"\n                    data-col-index=\"1\"\n                    data-row-index=\"2\"\n                    style=\"                    padding:10px;\n                    \"\n                    >\n                                        380mm                    <\/td>\n                                                <td class=\"wpdt-cell wpdt-tc-000000 wpdt-bc-FDEDD2 remove-borders \"\n                                            data-cell-id=\"C3\"\n                    data-col-index=\"2\"\n                    data-row-index=\"2\"\n                    style=\"                    padding:10px;\n                    \"\n                    >\n                                        380mm                    <\/td>\n                                                <td class=\"wpdt-cell wpdt-tc-000000 wpdt-bc-FDEDD2 remove-borders \"\n                                            data-cell-id=\"D3\"\n                    data-col-index=\"3\"\n                    data-row-index=\"2\"\n                    style=\"                    padding:10px;\n                    \"\n                    >\n                                        550mm                    <\/td>\n                                        <\/tr>\n                    <\/table>\n<\/div><style id='wpdt-custom-style-286'>\n.wpdt-bc-FDEDD2 { background-color: #FDEDD2 !important;}\n.wpdt-tc-000000 { color: #000000 !important;}\n.wpdt-fs-000016 { font-size: 16px !important;}\n<\/style>\n<\/div>\n\t\t\t\t\t\t<\/div>\n\t\t\t\t<\/div>\n\t\t\t\t\t<\/div>\n\t\t\t\t<\/div>\n\t\t<div class=\"elementor-element elementor-element-6510de0 e-flex e-con-boxed jltma-glass-effect-no e-con e-parent\" data-id=\"6510de0\" data-element_type=\"container\" data-settings=\"{&quot;background_background&quot;:&quot;gradient&quot;}\">\n\t\t\t\t\t<div class=\"e-con-inner\">\n\t\t\t\t<div class=\"elementor-element elementor-element-baf9d8a elementor-align-justify jltma-glass-effect-no elementor-widget elementor-widget-button\" data-id=\"baf9d8a\" data-element_type=\"widget\" data-widget_type=\"button.default\">\n\t\t\t\t<div class=\"elementor-widget-container\">\n\t\t\t\t\t\t\t\t\t<div class=\"elementor-button-wrapper\">\n\t\t\t\t\t<a class=\"elementor-button elementor-button-link elementor-size-sm\" href=\"https:\/\/ativamoveis.com.br\/Spanish\/contato\/\">\n\t\t\t\t\t\t<span class=\"elementor-button-content-wrapper\">\n\t\t\t\t\t\t\t\t\t<span class=\"elementor-button-text\">Cont\u00e1ctenos y conozca m\u00e1s sobre nuestros productos<\/span>\n\t\t\t\t\t<\/span>\n\t\t\t\t\t<\/a>\n\t\t\t\t<\/div>\n\t\t\t\t\t\t\t\t<\/div>\n\t\t\t\t<\/div>\n\t\t\t\t\t<\/div>\n\t\t\t\t<\/div>\n\t\t<div class=\"elementor-element elementor-element-830b426 e-flex e-con-boxed jltma-glass-effect-no e-con e-parent\" data-id=\"830b426\" data-element_type=\"container\" data-settings=\"{&quot;background_background&quot;:&quot;classic&quot;}\">\n\t\t\t\t\t<div class=\"e-con-inner\">\n\t\t\t\t<div class=\"elementor-element elementor-element-c248053 jltma-glass-effect-no elementor-widget elementor-widget-button\" data-id=\"c248053\" data-element_type=\"widget\" data-widget_type=\"button.default\">\n\t\t\t\t<div class=\"elementor-widget-container\">\n\t\t\t\t\t\t\t\t\t<div class=\"elementor-button-wrapper\">\n\t\t\t\t\t<a class=\"elementor-button elementor-button-link elementor-size-sm\" href=\"https:\/\/ativamoveis.com.br\/Spanish\/apanhadoresmesasdecentroelaterais\/\">\n\t\t\t\t\t\t<span class=\"elementor-button-content-wrapper\">\n\t\t\t\t\t\t\t\t\t<span class=\"elementor-button-text\">Volver<\/span>\n\t\t\t\t\t<\/span>\n\t\t\t\t\t<\/a>\n\t\t\t\t<\/div>\n\t\t\t\t\t\t\t\t<\/div>\n\t\t\t\t<\/div>\n\t\t\t\t\t<\/div>\n\t\t\t\t<\/div>\n\t\t<div class=\"elementor-element elementor-element-225da13 e-flex e-con-boxed jltma-glass-effect-no e-con e-parent\" data-id=\"225da13\" data-element_type=\"container\" data-settings=\"{&quot;background_background&quot;:&quot;gradient&quot;}\">\n\t\t\t\t\t<div class=\"e-con-inner\">\n\t\t<div class=\"elementor-element elementor-element-dac9071 e-con-full e-transform e-flex jltma-glass-effect-no e-con e-child\" data-id=\"dac9071\" data-element_type=\"container\" data-settings=\"{&quot;_transform_translateX_effect&quot;:{&quot;unit&quot;:&quot;px&quot;,&quot;size&quot;:0,&quot;sizes&quot;:[]},&quot;_transform_translateX_effect_tablet&quot;:{&quot;unit&quot;:&quot;px&quot;,&quot;size&quot;:&quot;&quot;,&quot;sizes&quot;:[]},&quot;_transform_translateX_effect_mobile&quot;:{&quot;unit&quot;:&quot;px&quot;,&quot;size&quot;:&quot;&quot;,&quot;sizes&quot;:[]},&quot;_transform_translateY_effect&quot;:{&quot;unit&quot;:&quot;px&quot;,&quot;size&quot;:&quot;&quot;,&quot;sizes&quot;:[]},&quot;_transform_translateY_effect_tablet&quot;:{&quot;unit&quot;:&quot;px&quot;,&quot;size&quot;:&quot;&quot;,&quot;sizes&quot;:[]},&quot;_transform_translateY_effect_mobile&quot;:{&quot;unit&quot;:&quot;px&quot;,&quot;size&quot;:&quot;&quot;,&quot;sizes&quot;:[]}}\">\n\t\t\t\t<div class=\"elementor-element elementor-element-cea36bb jltma-glass-effect-no elementor-widget elementor-widget-image\" data-id=\"cea36bb\" data-element_type=\"widget\" data-widget_type=\"image.default\">\n\t\t\t\t<div class=\"elementor-widget-container\">\n\t\t\t\t\t\t\t\t\t\t\t\t\t\t\t<img fetchpriority=\"high\" decoding=\"async\" width=\"802\" height=\"889\" src=\"https:\/\/ativamoveis.com.br\/Spanish\/wp-content\/uploads\/2024\/11\/foto1.png\" class=\"attachment-full size-full wp-image-1511\" alt=\"\" srcset=\"https:\/\/ativamoveis.com.br\/Spanish\/wp-content\/uploads\/2024\/11\/foto1.png 802w, https:\/\/ativamoveis.com.br\/Spanish\/wp-content\/uploads\/2024\/11\/foto1-271x300.png 271w, https:\/\/ativamoveis.com.br\/Spanish\/wp-content\/uploads\/2024\/11\/foto1-768x851.png 768w, https:\/\/ativamoveis.com.br\/Spanish\/wp-content\/uploads\/2024\/11\/foto1-600x665.png 600w\" sizes=\"(max-width: 802px) 100vw, 802px\" \/>\t\t\t\t\t\t\t\t\t\t\t\t\t\t\t<\/div>\n\t\t\t\t<\/div>\n\t\t\t\t<\/div>\n\t\t<div class=\"elementor-element elementor-element-804d92f e-con-full e-transform e-flex jltma-glass-effect-no e-con e-child\" data-id=\"804d92f\" data-element_type=\"container\" data-settings=\"{&quot;_transform_translateX_effect&quot;:{&quot;unit&quot;:&quot;px&quot;,&quot;size&quot;:0,&quot;sizes&quot;:[]},&quot;_transform_translateX_effect_tablet&quot;:{&quot;unit&quot;:&quot;px&quot;,&quot;size&quot;:&quot;&quot;,&quot;sizes&quot;:[]},&quot;_transform_translateX_effect_mobile&quot;:{&quot;unit&quot;:&quot;px&quot;,&quot;size&quot;:&quot;&quot;,&quot;sizes&quot;:[]},&quot;_transform_translateY_effect&quot;:{&quot;unit&quot;:&quot;px&quot;,&quot;size&quot;:&quot;&quot;,&quot;sizes&quot;:[]},&quot;_transform_translateY_effect_tablet&quot;:{&quot;unit&quot;:&quot;px&quot;,&quot;size&quot;:&quot;&quot;,&quot;sizes&quot;:[]},&quot;_transform_translateY_effect_mobile&quot;:{&quot;unit&quot;:&quot;px&quot;,&quot;size&quot;:&quot;&quot;,&quot;sizes&quot;:[]}}\">\n\t\t\t\t<div class=\"elementor-element elementor-element-d8ab81b jltma-glass-effect-no elementor-widget elementor-widget-text-editor\" data-id=\"d8ab81b\" data-element_type=\"widget\" data-widget_type=\"text-editor.default\">\n\t\t\t\t<div class=\"elementor-widget-container\">\n\t\t\t\t\t\t\t\t\t<p>Convi\u00e9rtete en<br \/>representante de ventas<\/p>\t\t\t\t\t\t\t\t<\/div>\n\t\t\t\t<\/div>\n\t\t\t\t<div class=\"elementor-element elementor-element-44ce16e jltma-glass-effect-no elementor-widget elementor-widget-text-editor\" data-id=\"44ce16e\" data-element_type=\"widget\" data-widget_type=\"text-editor.default\">\n\t\t\t\t<div class=\"elementor-widget-container\">\n\t\t\t\t\t\t\t\t\t<p>Representar nuestros productos significa entregar calidad y confianza a cada cliente. \u00a1\u00danase a nuestro equipo y forme parte de una red exitosa!<\/p>\t\t\t\t\t\t\t\t<\/div>\n\t\t\t\t<\/div>\n\t\t\t\t<div class=\"elementor-element elementor-element-a1acc4b jltma-glass-effect-no elementor-widget elementor-widget-button\" data-id=\"a1acc4b\" data-element_type=\"widget\" data-widget_type=\"button.default\">\n\t\t\t\t<div class=\"elementor-widget-container\">\n\t\t\t\t\t\t\t\t\t<div class=\"elementor-button-wrapper\">\n\t\t\t\t\t<a class=\"elementor-button elementor-button-link elementor-size-sm\" href=\"https:\/\/ativamoveis.com.br\/Spanish\/contato\/\">\n\t\t\t\t\t\t<span class=\"elementor-button-content-wrapper\">\n\t\t\t\t\t\t\t\t\t<span class=\"elementor-button-text\">Cont\u00e1ctenos<\/span>\n\t\t\t\t\t<\/span>\n\t\t\t\t\t<\/a>\n\t\t\t\t<\/div>\n\t\t\t\t\t\t\t\t<\/div>\n\t\t\t\t<\/div>\n\t\t\t\t<\/div>\n\t\t\t\t\t<\/div>\n\t\t\t\t<\/div>\n\t\t\t\t<\/div>\n\t\t","protected":false},"excerpt":{"rendered":"<p>Aparadores, Maceteros, Carros Bar, Mesas de Centro y Laterales Mesa Lateral Orbit Use las flechas para navegar, o haga clic y arrastre las im\u00e1genes. Si lo prefiere, haga clic en el icono sobre la foto para ampliarla. Mesa Lateral Orbit Nuestras mesas laterales son el accesorio funcional definitivo para cualquier habitaci\u00f3n. Compactas pero de gran [&hellip;]<\/p>\n","protected":false},"author":1,"featured_media":0,"parent":0,"menu_order":0,"comment_status":"closed","ping_status":"closed","template":"elementor_header_footer","meta":{"_joinchat":[],"footnotes":""},"class_list":["post-8320","page","type-page","status-publish","hentry"],"_links":{"self":[{"href":"https:\/\/ativamoveis.com.br\/Spanish\/wp-json\/wp\/v2\/pages\/8320","targetHints":{"allow":["GET"]}}],"collection":[{"href":"https:\/\/ativamoveis.com.br\/Spanish\/wp-json\/wp\/v2\/pages"}],"about":[{"href":"https:\/\/ativamoveis.com.br\/Spanish\/wp-json\/wp\/v2\/types\/page"}],"author":[{"embeddable":true,"href":"https:\/\/ativamoveis.com.br\/Spanish\/wp-json\/wp\/v2\/users\/1"}],"replies":[{"embeddable":true,"href":"https:\/\/ativamoveis.com.br\/Spanish\/wp-json\/wp\/v2\/comments?post=8320"}],"version-history":[{"count":13,"href":"https:\/\/ativamoveis.com.br\/Spanish\/wp-json\/wp\/v2\/pages\/8320\/revisions"}],"predecessor-version":[{"id":11450,"href":"https:\/\/ativamoveis.com.br\/Spanish\/wp-json\/wp\/v2\/pages\/8320\/revisions\/11450"}],"wp:attachment":[{"href":"https:\/\/ativamoveis.com.br\/Spanish\/wp-json\/wp\/v2\/media?parent=8320"}],"curies":[{"name":"wp","href":"https:\/\/api.w.org\/{rel}","templated":true}]}}